{"id":14490,"date":"2025-07-12T14:31:50","date_gmt":"2025-07-12T12:31:50","guid":{"rendered":"https:\/\/www.cryptopartnerlenz.com\/allgemeine-geschaeftsbedingungen\/"},"modified":"2026-02-05T07:15:45","modified_gmt":"2026-02-05T06:15:45","slug":"allgemeine-geschaeftsbedingungen","status":"publish","type":"page","link":"https:\/\/www.cryptopartnerlenz.com\/de\/allgemeine-geschaeftsbedingungen\/","title":{"rendered":"Allgemeine Gesch\u00e4ftsbedingungen"},"content":{"rendered":"\t\t<div data-elementor-type=\"wp-page\" data-elementor-id=\"14490\" class=\"elementor elementor-14490 elementor-13936\" data-elementor-post-type=\"page\">\n\t\t\t\t<div class=\"elementor-element elementor-element-b773e06 e-flex e-con-boxed parallax_section_no qode_elementor_container_no e-con e-parent\" data-id=\"b773e06\" data-element_type=\"container\" data-e-type=\"container\">\n\t\t\t\t\t<div class=\"e-con-inner\">\n\t\t\t\t<div class=\"elementor-element elementor-element-78cfd5e elementor-widget elementor-widget-heading\" data-id=\"78cfd5e\" data-element_type=\"widget\" data-e-type=\"widget\" data-widget_type=\"heading.default\">\n\t\t\t\t<div class=\"elementor-widget-container\">\n\t\t\t\t\t<h2 class=\"elementor-heading-title elementor-size-default\">Allgemeine Gesch\u00e4ftsbedingungen<\/h2>\t\t\t\t<\/div>\n\t\t\t\t<\/div>\n\t\t\t\t\t<\/div>\n\t\t\t\t<\/div>\n\t\t<div class=\"elementor-element elementor-element-0e89040 e-flex e-con-boxed parallax_section_no qode_elementor_container_no e-con e-parent\" data-id=\"0e89040\" data-element_type=\"container\" data-e-type=\"container\" id=\"cry_fun_mas\">\n\t\t\t\t\t<div class=\"e-con-inner\">\n\t\t<div class=\"elementor-element elementor-element-205c081 e-con-full e-flex parallax_section_no qode_elementor_container_no e-con e-child\" data-id=\"205c081\" data-element_type=\"container\" data-e-type=\"container\">\n\t\t\t\t<div class=\"elementor-element elementor-element-e4b9baf elementor-widget elementor-widget-heading\" data-id=\"e4b9baf\" data-element_type=\"widget\" data-e-type=\"widget\" data-widget_type=\"heading.default\">\n\t\t\t\t<div class=\"elementor-widget-container\">\n\t\t\t\t\t<h5 class=\"elementor-heading-title elementor-size-default\">Datenschutz<\/h5>\t\t\t\t<\/div>\n\t\t\t\t<\/div>\n\t\t\t\t<div class=\"elementor-element elementor-element-9ed01eb elementor-widget elementor-widget-text-editor\" data-id=\"9ed01eb\" data-element_type=\"widget\" data-e-type=\"widget\" data-widget_type=\"text-editor.default\">\n\t\t\t\t<div class=\"elementor-widget-container\">\n\t\t\t\t\t\t\t\t\t<p>Crypto Partner Lenz (CPL) kommuniziert mit seinen Kunden per E-Mail oder postalisch und informiert \u00fcber aktuelle Leistungen, Aktionsrabatte und Newsletter.<\/p><p> <\/p><p>Diese Einwilligung ist freiwillig und kann jederzeit widerrufen werden. Der Widerruf ist<br>-per Email zu richten an: contact@cryptopartnerlenz.com<br>-oder postalisch an: Crypto Partner Lenz, Berduxstra\u00dfe 31, 81245 M\u00fcnchen <\/p><p> <\/p><p>Nach Erhalt des Widerrufs werden die betreffenden Daten nicht mehr genutzt. Nach Ablauf gesetzlicher Fristen zur Datenspeicherung werden die betreffenden Daten gel\u00f6scht. Der Kunde ist zur Auskunft seiner Daten berechtigt.  <\/p><p> <\/p><p>Newsletter und Formulare:<br>CPL informiert Sie gerne mit unseren elektronischen Newslettern \u00fcber Trends und Technologien aus der Kryptowelt. Mit der Anmeldung zu einem Newsletter willigen Sie ein, dass CPL Ihren Namen und Ihre Emailadresse zur Zusendung des Newsletters, der Kommunikation eigener Angebote und ausschlie\u00dflich zu internen statistischen Zwecken erhebt, verarbeitet und nutzt. CPL nutzt CleverReach als E-Mail-Dienstleister. Mit der Anmeldung zum Newsletter willigen Sie ein, dass CPL Ihren Namen und Ihre E-Mail-Adresse an CleverReach (cleverreach.com\/de) weitergibt, um Ihnen den Newsletter zuzusenden. Sie k\u00f6nnen Ihre Zustimmung zur Verarbeitung und Nutzung Ihrer personenbezogenen Daten und die Versendung des Newsletters jederzeit \u00fcber Links in den Newsletter-Emails oder per Email widerrufen. Ihre Daten werden dann unverz\u00fcglich gel\u00f6scht.     <\/p>\t\t\t\t\t\t\t\t<\/div>\n\t\t\t\t<\/div>\n\t\t\t\t<\/div>\n\t\t<div class=\"elementor-element elementor-element-5a7e967 e-con-full e-flex parallax_section_no qode_elementor_container_no e-con e-child\" data-id=\"5a7e967\" data-element_type=\"container\" data-e-type=\"container\">\n\t\t\t\t<div class=\"elementor-element elementor-element-d53688e elementor-widget elementor-widget-heading\" data-id=\"d53688e\" data-element_type=\"widget\" data-e-type=\"widget\" data-widget_type=\"heading.default\">\n\t\t\t\t<div class=\"elementor-widget-container\">\n\t\t\t\t\t<h5 class=\"elementor-heading-title elementor-size-default\">Urheberrecht<\/h5>\t\t\t\t<\/div>\n\t\t\t\t<\/div>\n\t\t\t\t<div class=\"elementor-element elementor-element-421bbd9 elementor-widget elementor-widget-text-editor\" data-id=\"421bbd9\" data-element_type=\"widget\" data-e-type=\"widget\" data-widget_type=\"text-editor.default\">\n\t\t\t\t<div class=\"elementor-widget-container\">\n\t\t\t\t\t\t\t\t\t<p>Alle Inhalte, Bilder oder Grafiken sind urheberrechtlich gesch\u00fctzt und d\u00fcrfen nur mit schriftlicher Genehmigung des jeweiligen Rechteinhabers verwendet werden.<\/p><p> <\/p><p>Der Kunde gestattet CPL die vertragliche Zusammenarbeit zu Werbezwecken zu nutzen, insbesondere aber nicht abschlie\u00dfend auf der Webseite oder in sozialen Medien von CPL (\u201eTestimonial-Nutzung\u201c).<\/p>\t\t\t\t\t\t\t\t<\/div>\n\t\t\t\t<\/div>\n\t\t\t\t<\/div>\n\t\t<div class=\"elementor-element elementor-element-00dcab2 e-con-full e-flex parallax_section_no qode_elementor_container_no e-con e-child\" data-id=\"00dcab2\" data-element_type=\"container\" data-e-type=\"container\">\n\t\t\t\t<div class=\"elementor-element elementor-element-d7bbbba elementor-widget elementor-widget-heading\" data-id=\"d7bbbba\" data-element_type=\"widget\" data-e-type=\"widget\" data-widget_type=\"heading.default\">\n\t\t\t\t<div class=\"elementor-widget-container\">\n\t\t\t\t\t<h5 class=\"elementor-heading-title elementor-size-default\">Haftungsausschluss<\/h5>\t\t\t\t<\/div>\n\t\t\t\t<\/div>\n\t\t\t\t<div class=\"elementor-element elementor-element-67498f6 elementor-widget elementor-widget-text-editor\" data-id=\"67498f6\" data-element_type=\"widget\" data-e-type=\"widget\" data-widget_type=\"text-editor.default\">\n\t\t\t\t<div class=\"elementor-widget-container\">\n\t\t\t\t\t\t\t\t\t<p>Crpyto Partner Lenz (CPL) bietet seinen Kunden ein Coaching zum Umgang mit Kryptotechnologien an. Das Coaching umfasst Informationen, Ratschl\u00e4ge und Unterst\u00fctzung bei Fragen im Zusammenhang mit Kryptotechnologien. <\/p><p> <\/p><p>CPL stellt ausdr\u00fccklich klar, dass die Coachingleistungen keine Anlageberatung im Sinne des Wertpapierhandelsgesetzes oder anderer einschl\u00e4giger Vorschriften darstellen. Das Coaching basiert auf den Erfahrungen und dem Wissen des Coachinganbieters im Bereich Kryptotechnologien. <\/p><p> <\/p><p>Der Kunde stellt CPL von jeglichen Anspr\u00fcchen, Schadenersatzforderungen oder Klagen Dritter frei, die sich aus der Nutzung des Krypto-Coachings ergeben.<\/p><p> <\/p><p>CPL \u00fcbernimmt keine Haftung f\u00fcr alle Ereignisse, auf deren Ausgang CPL keinen Einfluss aus\u00fcben kann, insbesondere aber nicht abschlie\u00dfend umfasst dies einen finanziellen Erfolg im Zusammenhang mit dem Umgang und Handel von Kryptotechnologien.<\/p><p> <\/p><p>CPL \u00fcbernimmt keine Haftung f\u00fcr fehlerhafte \u00dcbertragungen von Kryptotechnologien durch\/an den Kunden oder den Verlust von Keys, Passw\u00f6rtern, Wallets usw..<\/p><p> <\/p><p>Die ver\u00f6ffentlichten Informationen, insbesondere Daten, Studien, Kommentare, Einsch\u00e4tzungen, Empfehlungen, Meinungen und Darstellungen stellen weder eine Anlageberatung noch eine Aufforderung zum Kauf oder Verkauf von Wertpapieren oder Finanzinstrumenten dar.<\/p><p> <\/p><p>Die Investitionen in Wertpapieren und Finanzinstrumente sind grunds\u00e4tzlich mit Risiken, bis hin zum Totalverlust des eingesetzten Kapitals, verbunden.<\/p><p> <\/p><p>The information, data, or opinions presented here were compiled by CPL from sources deemed reliable, trustworthy, and appropriate at the time of preparation. CPL makes no representations, warranties, or warranties regarding the accuracy or timeliness of the information published. CPL has no influence over the content of linked third-party websites and assumes no liability for them.  <\/p>\t\t\t\t\t\t\t\t<\/div>\n\t\t\t\t<\/div>\n\t\t\t\t<\/div>\n\t\t\t\t\t<\/div>\n\t\t\t\t<\/div>\n\t\t\t\t<\/div>\n\t\t","protected":false},"excerpt":{"rendered":"<p>Allgemeine Gesch\u00e4ftsbedingungen Datenschutz Crypto Partner Lenz (CPL) kommuniziert mit seinen Kunden per E-Mail oder postalisch und informiert \u00fcber aktuelle Leistungen, Aktionsrabatte und Newsletter. Diese Einwilligung ist freiwillig und kann jederzeit widerrufen werden. Der Widerruf ist-per Email zu richten an: contact@cryptopartnerlenz.com-oder postalisch an: Crypto Partner Lenz,&#8230;<\/p>\n","protected":false},"author":2,"featured_media":0,"parent":0,"menu_order":0,"comment_status":"closed","ping_status":"closed","template":"elementor_header_footer","meta":{"footnotes":""},"class_list":["post-14490","page","type-page","status-publish","hentry"],"_links":{"self":[{"href":"https:\/\/www.cryptopartnerlenz.com\/de\/wp-json\/wp\/v2\/pages\/14490","targetHints":{"allow":["GET"]}}],"collection":[{"href":"https:\/\/www.cryptopartnerlenz.com\/de\/wp-json\/wp\/v2\/pages"}],"about":[{"href":"https:\/\/www.cryptopartnerlenz.com\/de\/wp-json\/wp\/v2\/types\/page"}],"author":[{"embeddable":true,"href":"https:\/\/www.cryptopartnerlenz.com\/de\/wp-json\/wp\/v2\/users\/2"}],"replies":[{"embeddable":true,"href":"https:\/\/www.cryptopartnerlenz.com\/de\/wp-json\/wp\/v2\/comments?post=14490"}],"version-history":[{"count":3,"href":"https:\/\/www.cryptopartnerlenz.com\/de\/wp-json\/wp\/v2\/pages\/14490\/revisions"}],"predecessor-version":[{"id":14521,"href":"https:\/\/www.cryptopartnerlenz.com\/de\/wp-json\/wp\/v2\/pages\/14490\/revisions\/14521"}],"wp:attachment":[{"href":"https:\/\/www.cryptopartnerlenz.com\/de\/wp-json\/wp\/v2\/media?parent=14490"}],"curies":[{"name":"wp","href":"https:\/\/api.w.org\/{rel}","templated":true}]}}