{"id":14481,"date":"2025-01-31T05:07:25","date_gmt":"2025-01-31T04:07:25","guid":{"rendered":"https:\/\/www.cryptopartnerlenz.com\/professionelles-coaching\/"},"modified":"2026-02-20T08:37:18","modified_gmt":"2026-02-20T07:37:18","slug":"professionelles-coaching","status":"publish","type":"page","link":"https:\/\/www.cryptopartnerlenz.com\/de\/professionelles-coaching\/","title":{"rendered":"Professionelles Coaching"},"content":{"rendered":"\t\t<div data-elementor-type=\"wp-page\" data-elementor-id=\"14481\" class=\"elementor elementor-14481 elementor-11983\" data-elementor-post-type=\"page\">\n\t\t\t\t<div class=\"elementor-element elementor-element-36ec0bc e-flex e-con-boxed parallax_section_no qode_elementor_container_no e-con e-parent\" data-id=\"36ec0bc\" data-element_type=\"container\" data-e-type=\"container\">\n\t\t\t\t\t<div class=\"e-con-inner\">\n\t\t\t\t<div class=\"elementor-element elementor-element-01baea3 elementor-widget elementor-widget-heading\" data-id=\"01baea3\" data-element_type=\"widget\" data-e-type=\"widget\" data-widget_type=\"heading.default\">\n\t\t\t\t<div class=\"elementor-widget-container\">\n\t\t\t\t\t<h2 class=\"elementor-heading-title elementor-size-default\">Erreichen Sie Ihre Ziele mit unserem Krypto-Coaching<\/h2>\t\t\t\t<\/div>\n\t\t\t\t<\/div>\n\t\t\t\t\t<\/div>\n\t\t\t\t<\/div>\n\t\t<div class=\"elementor-element elementor-element-71b2241 e-flex e-con-boxed parallax_section_no qode_elementor_container_no e-con e-parent\" data-id=\"71b2241\" data-element_type=\"container\" data-e-type=\"container\">\n\t\t\t\t\t<div class=\"e-con-inner\">\n\t\t<div class=\"elementor-element elementor-element-bf06cab e-con-full e-transform e-flex parallax_section_no qode_elementor_container_no e-con e-child\" data-id=\"bf06cab\" data-element_type=\"container\" data-e-type=\"container\" data-settings=\"{&quot;_transform_scale_effect_mobile&quot;:{&quot;unit&quot;:&quot;px&quot;,&quot;size&quot;:1.1,&quot;sizes&quot;:[]},&quot;_transform_scale_effect&quot;:{&quot;unit&quot;:&quot;px&quot;,&quot;size&quot;:&quot;&quot;,&quot;sizes&quot;:[]},&quot;_transform_scale_effect_tablet&quot;:{&quot;unit&quot;:&quot;px&quot;,&quot;size&quot;:&quot;&quot;,&quot;sizes&quot;:[]}}\">\n\t\t<a class=\"elementor-element elementor-element-7523aac e-transform e-con-full e-flex parallax_section_no qode_elementor_container_no e-con e-child\" data-id=\"7523aac\" data-element_type=\"container\" data-e-type=\"container\" data-settings=\"{&quot;background_background&quot;:&quot;classic&quot;,&quot;_transform_scale_effect_hover&quot;:{&quot;unit&quot;:&quot;px&quot;,&quot;size&quot;:1.05,&quot;sizes&quot;:[]},&quot;_transform_scale_effect_hover_tablet&quot;:{&quot;unit&quot;:&quot;px&quot;,&quot;size&quot;:&quot;&quot;,&quot;sizes&quot;:[]},&quot;_transform_scale_effect_hover_mobile&quot;:{&quot;unit&quot;:&quot;px&quot;,&quot;size&quot;:&quot;&quot;,&quot;sizes&quot;:[]}}\" href=\"#cry_ass_mgt\">\n\t\t\t\t<div class=\"elementor-element elementor-element-121ac0b elementor-widget elementor-widget-heading\" data-id=\"121ac0b\" data-element_type=\"widget\" data-e-type=\"widget\" data-widget_type=\"heading.default\">\n\t\t\t\t<div class=\"elementor-widget-container\">\n\t\t\t\t\t<h3 class=\"elementor-heading-title elementor-size-default\">Krypto-Verm\u00f6gensverwaltung<\/h3>\t\t\t\t<\/div>\n\t\t\t\t<\/div>\n\t\t\t\t<\/a>\n\t\t<a class=\"elementor-element elementor-element-69c2b30 e-transform e-con-full e-flex parallax_section_no qode_elementor_container_no e-con e-child\" data-id=\"69c2b30\" data-element_type=\"container\" data-e-type=\"container\" data-settings=\"{&quot;background_background&quot;:&quot;classic&quot;,&quot;_transform_scale_effect_hover&quot;:{&quot;unit&quot;:&quot;px&quot;,&quot;size&quot;:1.05,&quot;sizes&quot;:[]},&quot;_transform_scale_effect_hover_tablet&quot;:{&quot;unit&quot;:&quot;px&quot;,&quot;size&quot;:&quot;&quot;,&quot;sizes&quot;:[]},&quot;_transform_scale_effect_hover_mobile&quot;:{&quot;unit&quot;:&quot;px&quot;,&quot;size&quot;:&quot;&quot;,&quot;sizes&quot;:[]}}\" href=\"#cry_inv_coa\">\n\t\t\t\t<div class=\"elementor-element elementor-element-f3d73a0 elementor-widget elementor-widget-heading\" data-id=\"f3d73a0\" data-element_type=\"widget\" data-e-type=\"widget\" data-widget_type=\"heading.default\">\n\t\t\t\t<div class=\"elementor-widget-container\">\n\t\t\t\t\t<h3 class=\"elementor-heading-title elementor-size-default\">Krypto-Investment-Coaching<\/h3>\t\t\t\t<\/div>\n\t\t\t\t<\/div>\n\t\t\t\t<\/a>\n\t\t\t\t<\/div>\n\t\t\t\t\t<\/div>\n\t\t\t\t<\/div>\n\t\t<div class=\"elementor-element elementor-element-32b7b63 e-flex e-con-boxed parallax_section_no qode_elementor_container_no e-con e-parent\" data-id=\"32b7b63\" data-element_type=\"container\" data-e-type=\"container\">\n\t\t\t\t\t<div class=\"e-con-inner\">\n\t\t\t\t<div class=\"elementor-element elementor-element-9aba6c2 elementor-widget elementor-widget-text-editor\" data-id=\"9aba6c2\" data-element_type=\"widget\" data-e-type=\"widget\" data-widget_type=\"text-editor.default\">\n\t\t\t\t<div class=\"elementor-widget-container\">\n\t\t\t\t\t\t\t\t\t<p><span style=\"vertical-align: inherit;\"><span style=\"vertical-align: inherit;\">Professionelles Coaching bietet Ihnen zwei exklusive Optionen f\u00fcr Ihren Krypto-Erfolg: <\/span><\/span><a href=\"#cry_ass_mgt\"><span style=\"color: #6eaa46;\"><strong><span style=\"vertical-align: inherit;\"><span style=\"vertical-align: inherit;\">Krypto-Verm\u00f6gensverwaltung<\/span><\/span><\/strong><\/span><\/a><span style=\"vertical-align: inherit;\"><span style=\"vertical-align: inherit;\"> und <\/span><\/span><a href=\"#cry_inv_coa\"><span style=\"color: #6eaa46;\"><strong><span style=\"vertical-align: inherit;\"><span style=\"vertical-align: inherit;\">Krypto-Investment-Coaching<\/span><\/span><\/strong><\/span><\/a><span style=\"vertical-align: inherit;\"><span style=\"vertical-align: inherit;\">.<\/span><\/span><\/p>\t\t\t\t\t\t\t\t<\/div>\n\t\t\t\t<\/div>\n\t\t\t\t<div class=\"elementor-element elementor-element-0252100 elementor-widget elementor-widget-text-editor\" data-id=\"0252100\" data-element_type=\"widget\" data-e-type=\"widget\" data-widget_type=\"text-editor.default\">\n\t\t\t\t<div class=\"elementor-widget-container\">\n\t\t\t\t\t\t\t\t\t<p>Ob Sie <strong>sicher in Kryptowerte investieren<\/strong>, mithilfe dezentraler Technologie <strong>Ihre individuelle Freiheit sichern<\/strong> oder <strong>Ihre Anlagestrategie optimieren<\/strong> m\u00f6chten &#8211; unsere ma\u00dfgeschneiderten L\u00f6sungen unterst\u00fctzen Sie dabei, Ihre finanziellen Ziele zu erreichen. Vertrauen Sie auf unser nachweislich erfolgreiches und <strong>professionelles Coaching<\/strong>, das auf Ihre <strong>individuellen Bed\u00fcrfnisse<\/strong> zugeschnitten ist. <\/p>\t\t\t\t\t\t\t\t<\/div>\n\t\t\t\t<\/div>\n\t\t<div class=\"elementor-element elementor-element-ed92be4 e-con-full e-flex parallax_section_no qode_elementor_container_no e-con e-child\" data-id=\"ed92be4\" data-element_type=\"container\" data-e-type=\"container\">\n\t\t\t\t<div class=\"elementor-element elementor-element-0a1f348 elementor-position-inline-start elementor-view-default elementor-mobile-position-block-start elementor-widget elementor-widget-icon-box\" data-id=\"0a1f348\" data-element_type=\"widget\" data-e-type=\"widget\" data-widget_type=\"icon-box.default\">\n\t\t\t\t<div class=\"elementor-widget-container\">\n\t\t\t\t\t\t\t<div class=\"elementor-icon-box-wrapper\">\n\n\t\t\t\t\t\t<div class=\"elementor-icon-box-icon\">\n\t\t\t\t<span  class=\"elementor-icon\">\n\t\t\t\t<svg aria-hidden=\"true\" class=\"e-font-icon-svg e-far-envelope\" viewBox=\"0 0 512 512\" xmlns=\"http:\/\/www.w3.org\/2000\/svg\"><path d=\"M464 64H48C21.49 64 0 85.49 0 112v288c0 26.51 21.49 48 48 48h416c26.51 0 48-21.49 48-48V112c0-26.51-21.49-48-48-48zm0 48v40.805c-22.422 18.259-58.168 46.651-134.587 106.49-16.841 13.247-50.201 45.072-73.413 44.701-23.208.375-56.579-31.459-73.413-44.701C106.18 199.465 70.425 171.067 48 152.805V112h416zM48 400V214.398c22.914 18.251 55.409 43.862 104.938 82.646 21.857 17.205 60.134 55.186 103.062 54.955 42.717.231 80.509-37.199 103.053-54.947 49.528-38.783 82.032-64.401 104.947-82.653V400H48z\"><\/path><\/svg>\t\t\t\t<\/span>\n\t\t\t<\/div>\n\t\t\t\n\t\t\t\n\t\t<\/div>\n\t\t\t\t\t\t<\/div>\n\t\t\t\t<\/div>\n\t\t\t\t<div class=\"elementor-element elementor-element-915da4e elementor-widget elementor-widget-heading\" data-id=\"915da4e\" data-element_type=\"widget\" data-e-type=\"widget\" data-widget_type=\"heading.default\">\n\t\t\t\t<div class=\"elementor-widget-container\">\n\t\t\t\t\t<h6 class=\"elementor-heading-title elementor-size-default\"><a href=\"#coa_con\">Kontaktieren Sie uns f\u00fcr Ihren Krypto-Erfolg.<\/a><\/h6>\t\t\t\t<\/div>\n\t\t\t\t<\/div>\n\t\t\t\t<\/div>\n\t\t\t\t\t<\/div>\n\t\t\t\t<\/div>\n\t\t<div class=\"elementor-element elementor-element-7b9632d e-flex e-con-boxed parallax_section_no qode_elementor_container_no e-con e-parent\" data-id=\"7b9632d\" data-element_type=\"container\" data-e-type=\"container\">\n\t\t\t\t\t<div class=\"e-con-inner\">\n\t\t<div class=\"elementor-element elementor-element-c60d45f e-con-full e-flex parallax_section_no qode_elementor_container_no e-con e-child\" data-id=\"c60d45f\" data-element_type=\"container\" data-e-type=\"container\" id=\"cry_ass_mgt\">\n\t\t\t\t<div class=\"elementor-element elementor-element-df758e5 elementor-widget elementor-widget-heading\" data-id=\"df758e5\" data-element_type=\"widget\" data-e-type=\"widget\" data-widget_type=\"heading.default\">\n\t\t\t\t<div class=\"elementor-widget-container\">\n\t\t\t\t\t<h2 class=\"elementor-heading-title elementor-size-default\">Krypto-Verm\u00f6gensverwaltung<\/h2>\t\t\t\t<\/div>\n\t\t\t\t<\/div>\n\t\t\t\t<div class=\"elementor-element elementor-element-a226a2d elementor-widget elementor-widget-heading\" data-id=\"a226a2d\" data-element_type=\"widget\" data-e-type=\"widget\" data-widget_type=\"heading.default\">\n\t\t\t\t<div class=\"elementor-widget-container\">\n\t\t\t\t\t<h6 class=\"elementor-heading-title elementor-size-default\">Mit Krypto \u00fcberdurchschnittlichen Verm\u00f6genszuwachs erzielen!<\/h6>\t\t\t\t<\/div>\n\t\t\t\t<\/div>\n\t\t\t\t<div class=\"elementor-element elementor-element-be7088d elementor-widget elementor-widget-text-editor\" data-id=\"be7088d\" data-element_type=\"widget\" data-e-type=\"widget\" data-widget_type=\"text-editor.default\">\n\t\t\t\t<div class=\"elementor-widget-container\">\n\t\t\t\t\t\t\t\t\t<p>M\u00f6chten Sie von den Wachstumschancen des Kryptomarktes profitieren und Ihr Privat- oder Gesch\u00e4ftsverm\u00f6gen vor Inflation sch\u00fctzen?<\/p>\t\t\t\t\t\t\t\t<\/div>\n\t\t\t\t<\/div>\n\t\t\t\t<div class=\"elementor-element elementor-element-ddf4f31 elementor-widget elementor-widget-text-editor\" data-id=\"ddf4f31\" data-element_type=\"widget\" data-e-type=\"widget\" data-widget_type=\"text-editor.default\">\n\t\t\t\t<div class=\"elementor-widget-container\">\n\t\t\t\t\t\t\t\t\t<p>In unserem Krypto-Asset-Management-Coaching identifizieren wir Bereiche, die von Investitionen in Krypto-Assets profitieren k\u00f6nnten. Anschlie\u00dfend begleiten wir Sie durch den Prozess der sicheren \u00dcbertragung Ihrer Verm\u00f6genswerte in die digitale Welt. Abschlie\u00dfend unterst\u00fctzen wir Sie auf Wunsch dabei, das volle Potenzial der Selbstverwahrung in einer dezentralen Welt auszusch\u00f6pfen. Vermeiden Sie einen langen Selbstlernprozess oder unn\u00f6tigen Betrug oder Verluste aufgrund der anspruchsvollen Blockchain-Technologie.   <\/p>\t\t\t\t\t\t\t\t<\/div>\n\t\t\t\t<\/div>\n\t\t\t\t<div class=\"elementor-element elementor-element-73571a3 elementor-position-inline-start elementor-view-default elementor-mobile-position-block-start elementor-widget elementor-widget-icon-box\" data-id=\"73571a3\" data-element_type=\"widget\" data-e-type=\"widget\" data-widget_type=\"icon-box.default\">\n\t\t\t\t<div class=\"elementor-widget-container\">\n\t\t\t\t\t\t\t<div class=\"elementor-icon-box-wrapper\">\n\n\t\t\t\t\t\t<div class=\"elementor-icon-box-icon\">\n\t\t\t\t<span  class=\"elementor-icon\">\n\t\t\t\t<svg aria-hidden=\"true\" class=\"e-font-icon-svg e-far-check-square\" viewBox=\"0 0 448 512\" xmlns=\"http:\/\/www.w3.org\/2000\/svg\"><path d=\"M400 32H48C21.49 32 0 53.49 0 80v352c0 26.51 21.49 48 48 48h352c26.51 0 48-21.49 48-48V80c0-26.51-21.49-48-48-48zm0 400H48V80h352v352zm-35.864-241.724L191.547 361.48c-4.705 4.667-12.303 4.637-16.97-.068l-90.781-91.516c-4.667-4.705-4.637-12.303.069-16.971l22.719-22.536c4.705-4.667 12.303-4.637 16.97.069l59.792 60.277 141.352-140.216c4.705-4.667 12.303-4.637 16.97.068l22.536 22.718c4.667 4.706 4.637 12.304-.068 16.971z\"><\/path><\/svg>\t\t\t\t<\/span>\n\t\t\t<\/div>\n\t\t\t\n\t\t\t\t\t\t<div class=\"elementor-icon-box-content\">\n\n\t\t\t\t\n\t\t\t\t\t\t\t\t\t<p class=\"elementor-icon-box-description\">\n\t\t\t\t\t\tAnlageportfolio erweitert mit Kryptowerten um \u00fcberdurchschnittlichen Verm\u00f6genswachstums zu erzielen.\t\t\t\t\t<\/p>\n\t\t\t\t\n\t\t\t<\/div>\n\t\t\t\n\t\t<\/div>\n\t\t\t\t\t\t<\/div>\n\t\t\t\t<\/div>\n\t\t\t\t<div class=\"elementor-element elementor-element-eca41e8 elementor-widget elementor-widget-heading\" data-id=\"eca41e8\" data-element_type=\"widget\" data-e-type=\"widget\" data-widget_type=\"heading.default\">\n\t\t\t\t<div class=\"elementor-widget-container\">\n\t\t\t\t\t<h6 class=\"elementor-heading-title elementor-size-default\">Nutzen Sie unseren professionellen Krypto-Verm\u00f6gensverwaltungs-Service, um sicher in digitale Verm\u00f6genswerte zu investieren und vom \u00fcberdurchschnittlichen Wachstum des Krypto-Marktes zu profitieren.<\/h6>\t\t\t\t<\/div>\n\t\t\t\t<\/div>\n\t\t\t\t<\/div>\n\t\t<div class=\"elementor-element elementor-element-7124859 e-con-full elementor-hidden-tablet elementor-hidden-mobile e-flex parallax_section_no qode_elementor_container_no e-con e-child\" data-id=\"7124859\" data-element_type=\"container\" data-e-type=\"container\">\n\t\t\t\t<div class=\"elementor-element elementor-element-627c01c elementor-hidden-mobile elementor-widget elementor-widget-image\" data-id=\"627c01c\" data-element_type=\"widget\" data-e-type=\"widget\" data-widget_type=\"image.default\">\n\t\t\t\t<div class=\"elementor-widget-container\">\n\t\t\t\t\t\t\t\t\t\t\t\t\t\t\t<img fetchpriority=\"high\" decoding=\"async\" width=\"275\" height=\"385\" src=\"https:\/\/www.cryptopartnerlenz.com\/wp-content\/uploads\/2025\/02\/Crypto_Asset_Management_275x385.png\" class=\"attachment-large size-large wp-image-14452\" alt=\"drei berufst\u00e4tige Frauen am Tisch mit Tablet und Bl\u00e4ttern, die Diagramme f\u00fcr die erfolgreiche Entwicklung von Verm\u00f6genswerten mit Krypto Asset Management zeigen\" srcset=\"https:\/\/www.cryptopartnerlenz.com\/wp-content\/uploads\/2025\/02\/Crypto_Asset_Management_275x385.png 275w, https:\/\/www.cryptopartnerlenz.com\/wp-content\/uploads\/2025\/02\/Crypto_Asset_Management_275x385-214x300.png 214w\" sizes=\"(max-width: 275px) 100vw, 275px\" \/>\t\t\t\t\t\t\t\t\t\t\t\t\t\t\t<\/div>\n\t\t\t\t<\/div>\n\t\t\t\t<\/div>\n\t\t\t\t\t<\/div>\n\t\t\t\t<\/div>\n\t\t<div class=\"elementor-element elementor-element-bad080f e-flex e-con-boxed parallax_section_no qode_elementor_container_no e-con e-parent\" data-id=\"bad080f\" data-element_type=\"container\" data-e-type=\"container\">\n\t\t\t\t\t<div class=\"e-con-inner\">\n\t\t<div class=\"elementor-element elementor-element-80b2e74 e-con-full elementor-hidden-tablet elementor-hidden-mobile e-flex parallax_section_no qode_elementor_container_no e-con e-child\" data-id=\"80b2e74\" data-element_type=\"container\" data-e-type=\"container\">\n\t\t\t\t<div class=\"elementor-element elementor-element-3cf32b1 elementor-widget elementor-widget-image\" data-id=\"3cf32b1\" data-element_type=\"widget\" data-e-type=\"widget\" data-widget_type=\"image.default\">\n\t\t\t\t<div class=\"elementor-widget-container\">\n\t\t\t\t\t\t\t\t\t\t\t\t\t\t\t<img decoding=\"async\" width=\"275\" height=\"385\" src=\"https:\/\/www.cryptopartnerlenz.com\/wp-content\/uploads\/2025\/02\/Professional_Coaching_275x385.png\" class=\"attachment-large size-large wp-image-14328\" alt=\"Mann und Frau mit Tablet w\u00e4hrend einer professionellen Coaching-Sitzung f\u00fcr Krypto-Asset-Management oder individuelles Krypto-Coaching und Krypto-Consulting.\" srcset=\"https:\/\/www.cryptopartnerlenz.com\/wp-content\/uploads\/2025\/02\/Professional_Coaching_275x385.png 275w, https:\/\/www.cryptopartnerlenz.com\/wp-content\/uploads\/2025\/02\/Professional_Coaching_275x385-214x300.png 214w\" sizes=\"(max-width: 275px) 100vw, 275px\" \/>\t\t\t\t\t\t\t\t\t\t\t\t\t\t\t<\/div>\n\t\t\t\t<\/div>\n\t\t\t\t<\/div>\n\t\t<div class=\"elementor-element elementor-element-2178d31 e-con-full e-flex parallax_section_no qode_elementor_container_no e-con e-child\" data-id=\"2178d31\" data-element_type=\"container\" data-e-type=\"container\" id=\"cry_inv_coa\">\n\t\t\t\t<div class=\"elementor-element elementor-element-966b361 elementor-widget elementor-widget-heading\" data-id=\"966b361\" data-element_type=\"widget\" data-e-type=\"widget\" data-widget_type=\"heading.default\">\n\t\t\t\t<div class=\"elementor-widget-container\">\n\t\t\t\t\t<h2 class=\"elementor-heading-title elementor-size-default\">Krypto-Investment-Coaching<\/h2>\t\t\t\t<\/div>\n\t\t\t\t<\/div>\n\t\t\t\t<div class=\"elementor-element elementor-element-6c3705b elementor-widget elementor-widget-heading\" data-id=\"6c3705b\" data-element_type=\"widget\" data-e-type=\"widget\" data-widget_type=\"heading.default\">\n\t\t\t\t<div class=\"elementor-widget-container\">\n\t\t\t\t\t<h6 class=\"elementor-heading-title elementor-size-default\">Optimieren Sie Ihre Krypto-Investitionsstrategie!\n<\/h6>\t\t\t\t<\/div>\n\t\t\t\t<\/div>\n\t\t\t\t<div class=\"elementor-element elementor-element-17d46e2 elementor-widget elementor-widget-text-editor\" data-id=\"17d46e2\" data-element_type=\"widget\" data-e-type=\"widget\" data-widget_type=\"text-editor.default\">\n\t\t\t\t<div class=\"elementor-widget-container\">\n\t\t\t\t\t\t\t\t\t<div class=\"elementor-element elementor-element-a4dc2be elementor-widget elementor-widget-text-editor\" data-id=\"a4dc2be\" data-element_type=\"widget\" data-widget_type=\"text-editor.default\"><div class=\"elementor-widget-container\"><p>M\u00f6chten Sie eine \u00fcberlegene Kryptostrategie entwickeln f\u00fcr Ihre Kryptoinvestitionen und Kryptohandel?<\/p><\/div><\/div>\t\t\t\t\t\t\t\t<\/div>\n\t\t\t\t<\/div>\n\t\t\t\t<div class=\"elementor-element elementor-element-670f722 elementor-widget elementor-widget-text-editor\" data-id=\"670f722\" data-element_type=\"widget\" data-e-type=\"widget\" data-widget_type=\"text-editor.default\">\n\t\t\t\t<div class=\"elementor-widget-container\">\n\t\t\t\t\t\t\t\t\t<div class=\"elementor-element elementor-element-a4dc2be elementor-widget elementor-widget-text-editor\" data-id=\"a4dc2be\" data-element_type=\"widget\" data-widget_type=\"text-editor.default\"><div class=\"elementor-widget-container\"><p>Unser individuelles Krypto-Coaching bringt Sie auf das n\u00e4chste Level. \u00dcbertreffen Sie den Markt mit einer optimierten Krypto-Investitions- oder Handelsstrategie, die auf Ihre pers\u00f6nliche Situation zugeschnitten ist. Nutzen Sie unsere einzigartige Wirtschafts- und IT-Expertise und langj\u00e4hrige Erfahrung, um Ihre Krypto-Kompetenzen kontinuierlich auszubauen. Investieren Sie in sich selbst, um sich von der Konkurrenz abzuheben.   <\/p><\/div><\/div>\t\t\t\t\t\t\t\t<\/div>\n\t\t\t\t<\/div>\n\t\t\t\t<div class=\"elementor-element elementor-element-07df5bd elementor-position-inline-start elementor-view-default elementor-mobile-position-block-start elementor-widget elementor-widget-icon-box\" data-id=\"07df5bd\" data-element_type=\"widget\" data-e-type=\"widget\" data-widget_type=\"icon-box.default\">\n\t\t\t\t<div class=\"elementor-widget-container\">\n\t\t\t\t\t\t\t<div class=\"elementor-icon-box-wrapper\">\n\n\t\t\t\t\t\t<div class=\"elementor-icon-box-icon\">\n\t\t\t\t<span  class=\"elementor-icon\">\n\t\t\t\t<svg aria-hidden=\"true\" class=\"e-font-icon-svg e-far-check-square\" viewBox=\"0 0 448 512\" xmlns=\"http:\/\/www.w3.org\/2000\/svg\"><path d=\"M400 32H48C21.49 32 0 53.49 0 80v352c0 26.51 21.49 48 48 48h352c26.51 0 48-21.49 48-48V80c0-26.51-21.49-48-48-48zm0 400H48V80h352v352zm-35.864-241.724L191.547 361.48c-4.705 4.667-12.303 4.637-16.97-.068l-90.781-91.516c-4.667-4.705-4.637-12.303.069-16.971l22.719-22.536c4.705-4.667 12.303-4.637 16.97.069l59.792 60.277 141.352-140.216c4.705-4.667 12.303-4.637 16.97.068l22.536 22.718c4.667 4.706 4.637 12.304-.068 16.971z\"><\/path><\/svg>\t\t\t\t<\/span>\n\t\t\t<\/div>\n\t\t\t\n\t\t\t\t\t\t<div class=\"elementor-icon-box-content\">\n\n\t\t\t\t\n\t\t\t\t\t\t\t\t\t<p class=\"elementor-icon-box-description\">\n\t\t\t\t\t\tIhre ma\u00dfgeschneiderte Krypto-Investitionsstrategie, optimiert, um Chancen zu nutzen.\t\t\t\t\t<\/p>\n\t\t\t\t\n\t\t\t<\/div>\n\t\t\t\n\t\t<\/div>\n\t\t\t\t\t\t<\/div>\n\t\t\t\t<\/div>\n\t\t\t\t<div class=\"elementor-element elementor-element-3651f89 elementor-widget elementor-widget-heading\" data-id=\"3651f89\" data-element_type=\"widget\" data-e-type=\"widget\" data-widget_type=\"heading.default\">\n\t\t\t\t<div class=\"elementor-widget-container\">\n\t\t\t\t\t<h6 class=\"elementor-heading-title elementor-size-default\">Setzen Sie auf unser individuelles Krypto-Investment-Coaching, das Ihr Krypto-Investment auf das n\u00e4chste Level hebt.<\/h6>\t\t\t\t<\/div>\n\t\t\t\t<\/div>\n\t\t\t\t<\/div>\n\t\t\t\t\t<\/div>\n\t\t\t\t<\/div>\n\t\t\t\t<\/div>\n\t\t","protected":false},"excerpt":{"rendered":"<p>Erreichen Sie Ihre Ziele mit unserem Krypto-Coaching Krypto-Verm\u00f6gensverwaltung Krypto-Investment-Coaching Professionelles Coaching bietet Ihnen zwei exklusive Optionen f\u00fcr Ihren Krypto-Erfolg: Krypto-Verm\u00f6gensverwaltung und Krypto-Investment-Coaching. Ob Sie sicher in Kryptowerte investieren, mithilfe dezentraler Technologie Ihre individuelle Freiheit sichern oder Ihre Anlagestrategie optimieren m\u00f6chten &#8211; unsere ma\u00dfgeschneiderten L\u00f6sungen unterst\u00fctzen&#8230;<\/p>\n","protected":false},"author":2,"featured_media":0,"parent":0,"menu_order":0,"comment_status":"open","ping_status":"closed","template":"elementor_header_footer","meta":{"footnotes":""},"class_list":["post-14481","page","type-page","status-publish","hentry"],"_links":{"self":[{"href":"https:\/\/www.cryptopartnerlenz.com\/de\/wp-json\/wp\/v2\/pages\/14481","targetHints":{"allow":["GET"]}}],"collection":[{"href":"https:\/\/www.cryptopartnerlenz.com\/de\/wp-json\/wp\/v2\/pages"}],"about":[{"href":"https:\/\/www.cryptopartnerlenz.com\/de\/wp-json\/wp\/v2\/types\/page"}],"author":[{"embeddable":true,"href":"https:\/\/www.cryptopartnerlenz.com\/de\/wp-json\/wp\/v2\/users\/2"}],"replies":[{"embeddable":true,"href":"https:\/\/www.cryptopartnerlenz.com\/de\/wp-json\/wp\/v2\/comments?post=14481"}],"version-history":[{"count":5,"href":"https:\/\/www.cryptopartnerlenz.com\/de\/wp-json\/wp\/v2\/pages\/14481\/revisions"}],"predecessor-version":[{"id":14604,"href":"https:\/\/www.cryptopartnerlenz.com\/de\/wp-json\/wp\/v2\/pages\/14481\/revisions\/14604"}],"wp:attachment":[{"href":"https:\/\/www.cryptopartnerlenz.com\/de\/wp-json\/wp\/v2\/media?parent=14481"}],"curies":[{"name":"wp","href":"https:\/\/api.w.org\/{rel}","templated":true}]}}