{"id":14457,"date":"2025-01-31T08:16:05","date_gmt":"2025-01-31T07:16:05","guid":{"rendered":"https:\/\/www.cryptopartnerlenz.com\/individuelles-lernen\/"},"modified":"2026-02-20T08:34:12","modified_gmt":"2026-02-20T07:34:12","slug":"individuelles-lernen","status":"publish","type":"page","link":"https:\/\/www.cryptopartnerlenz.com\/de\/individuelles-lernen\/","title":{"rendered":"Individuelles Lernen"},"content":{"rendered":"\t\t<div data-elementor-type=\"wp-page\" data-elementor-id=\"14457\" class=\"elementor elementor-14457 elementor-12037\" data-elementor-post-type=\"page\">\n\t\t\t\t<div class=\"elementor-element elementor-element-b773e06 e-flex e-con-boxed parallax_section_no qode_elementor_container_no e-con e-parent\" data-id=\"b773e06\" data-element_type=\"container\" data-e-type=\"container\">\n\t\t\t\t\t<div class=\"e-con-inner\">\n\t\t\t\t<div class=\"elementor-element elementor-element-78cfd5e elementor-widget elementor-widget-heading\" data-id=\"78cfd5e\" data-element_type=\"widget\" data-e-type=\"widget\" data-widget_type=\"heading.default\">\n\t\t\t\t<div class=\"elementor-widget-container\">\n\t\t\t\t\t<h2 class=\"elementor-heading-title elementor-size-default\">Ihr Weg zum Krypto-Erfolg<\/h2>\t\t\t\t<\/div>\n\t\t\t\t<\/div>\n\t\t\t\t\t<\/div>\n\t\t\t\t<\/div>\n\t\t<div class=\"elementor-element elementor-element-8a041b6 e-flex e-con-boxed parallax_section_no qode_elementor_container_no e-con e-parent\" data-id=\"8a041b6\" data-element_type=\"container\" data-e-type=\"container\">\n\t\t\t\t\t<div class=\"e-con-inner\">\n\t\t<div class=\"elementor-element elementor-element-c0f4e46 e-con-full e-flex parallax_section_no qode_elementor_container_no e-con e-child\" data-id=\"c0f4e46\" data-element_type=\"container\" data-e-type=\"container\">\n\t\t<a class=\"elementor-element elementor-element-1d5a1fd e-con-full e-transform e-flex parallax_section_no qode_elementor_container_no e-con e-child\" data-id=\"1d5a1fd\" data-element_type=\"container\" data-e-type=\"container\" data-settings=\"{&quot;background_background&quot;:&quot;classic&quot;,&quot;_transform_scale_effect_hover&quot;:{&quot;unit&quot;:&quot;px&quot;,&quot;size&quot;:1.05,&quot;sizes&quot;:[]},&quot;_transform_scale_effect_hover_tablet&quot;:{&quot;unit&quot;:&quot;px&quot;,&quot;size&quot;:&quot;&quot;,&quot;sizes&quot;:[]},&quot;_transform_scale_effect_hover_mobile&quot;:{&quot;unit&quot;:&quot;px&quot;,&quot;size&quot;:&quot;&quot;,&quot;sizes&quot;:[]}}\" href=\"#cry_fun_mas\">\n\t\t\t\t<div class=\"elementor-element elementor-element-bc6ea5f elementor-widget elementor-widget-heading\" data-id=\"bc6ea5f\" data-element_type=\"widget\" data-e-type=\"widget\" data-widget_type=\"heading.default\">\n\t\t\t\t<div class=\"elementor-widget-container\">\n\t\t\t\t\t<h3 class=\"elementor-heading-title elementor-size-default\">Crypto Fundamentals Mastery<\/h3>\t\t\t\t<\/div>\n\t\t\t\t<\/div>\n\t\t\t\t<\/a>\n\t\t<a class=\"elementor-element elementor-element-bc18e67 e-con-full e-transform e-flex parallax_section_no qode_elementor_container_no e-con e-child\" data-id=\"bc18e67\" data-element_type=\"container\" data-e-type=\"container\" data-settings=\"{&quot;background_background&quot;:&quot;classic&quot;,&quot;_transform_scale_effect_hover&quot;:{&quot;unit&quot;:&quot;px&quot;,&quot;size&quot;:1.05,&quot;sizes&quot;:[]},&quot;_transform_scale_effect_hover_tablet&quot;:{&quot;unit&quot;:&quot;px&quot;,&quot;size&quot;:&quot;&quot;,&quot;sizes&quot;:[]},&quot;_transform_scale_effect_hover_mobile&quot;:{&quot;unit&quot;:&quot;px&quot;,&quot;size&quot;:&quot;&quot;,&quot;sizes&quot;:[]}}\" href=\"#crypto_investment\">\n\t\t\t\t<div class=\"elementor-element elementor-element-f2a14d5 elementor-widget elementor-widget-heading\" data-id=\"f2a14d5\" data-element_type=\"widget\" data-e-type=\"widget\" data-widget_type=\"heading.default\">\n\t\t\t\t<div class=\"elementor-widget-container\">\n\t\t\t\t\t<h3 class=\"elementor-heading-title elementor-size-default\">Krypto Investment Beschleuniger<\/h3>\t\t\t\t<\/div>\n\t\t\t\t<\/div>\n\t\t\t\t<\/a>\n\t\t\t\t<\/div>\n\t\t\t\t\t<\/div>\n\t\t\t\t<\/div>\n\t\t<div class=\"elementor-element elementor-element-9f87973 e-flex e-con-boxed parallax_section_no qode_elementor_container_no e-con e-parent\" data-id=\"9f87973\" data-element_type=\"container\" data-e-type=\"container\">\n\t\t\t\t\t<div class=\"e-con-inner\">\n\t\t\t\t<div class=\"elementor-element elementor-element-33fb541 elementor-widget elementor-widget-text-editor\" data-id=\"33fb541\" data-element_type=\"widget\" data-e-type=\"widget\" data-widget_type=\"text-editor.default\">\n\t\t\t\t<div class=\"elementor-widget-container\">\n\t\t\t\t\t\t\t\t\t<p><span style=\"vertical-align: inherit;\"><span style=\"vertical-align: inherit;\">Tauchen Sie ein in die faszinierende Welt der Kryptow\u00e4hrungen und der Blockchain-Technologie mit unserem <\/span><\/span><a href=\"#cry_fun_mas\"><span style=\"color: #6eaa46;\"><strong><span style=\"vertical-align: inherit;\"><span style=\"vertical-align: inherit;\">Krypto-Grundlagen Meisterung<\/span><\/span><\/strong><\/span><\/a><span style=\"vertical-align: inherit;\"><span style=\"vertical-align: inherit;\"> und <\/span><\/span><a href=\"#cry_inv_acc\"><span style=\"color: #6eaa46;\"><strong><span style=\"vertical-align: inherit;\"><span style=\"vertical-align: inherit;\">Krypto Investment Beschleuniger<\/span><\/span><\/strong><\/span><\/a><span style=\"vertical-align: inherit;\"><span style=\"vertical-align: inherit;\">!<\/span><\/span><\/p><p><span style=\"vertical-align: inherit;\"><span style=\"vertical-align: inherit;\">Unser Programm Individual Learning \u00f6ffnet die T\u00fcr zu einem exklusiven Wissensschatz, der Ihre individuelle Freiheit und finanzielle Zukunft revolutionieren wird.<\/span><\/span><\/p>\t\t\t\t\t\t\t\t<\/div>\n\t\t\t\t<\/div>\n\t\t\t\t<div class=\"elementor-element elementor-element-d243faa elementor-widget elementor-widget-text-editor\" data-id=\"d243faa\" data-element_type=\"widget\" data-e-type=\"widget\" data-widget_type=\"text-editor.default\">\n\t\t\t\t<div class=\"elementor-widget-container\">\n\t\t\t\t\t\t\t\t\t<ul><li style=\"text-align: left;\"><strong>Highspeed<\/strong>: Konzentrieren Sie sich mit unseren Meisterkursen auf relevante Krypto-Kenntnisse und sparen Sie wertvolle Zeit, indem Sie sich einen langen Lernprozess ersparen.<\/li><li><strong>Zukunft<\/strong>: Lernen Sie nicht nur Theorie, sondern auch anwendbare Strategien f\u00fcr die dezentrale Zukunft.<\/li><li style=\"text-align: left;\"><strong>Wert<\/strong>: Steigern Sie Ihre Gewinne, indem Sie andere M\u00e4rkte erfolgreich \u00fcbertreffen, ohne unn\u00f6tige Verluste oder Betrug.<\/li><\/ul>\t\t\t\t\t\t\t\t<\/div>\n\t\t\t\t<\/div>\n\t\t\t\t<div class=\"elementor-element elementor-element-f6c205b elementor-widget elementor-widget-heading\" data-id=\"f6c205b\" data-element_type=\"widget\" data-e-type=\"widget\" data-widget_type=\"heading.default\">\n\t\t\t\t<div class=\"elementor-widget-container\">\n\t\t\t\t\t<p class=\"elementor-heading-title elementor-size-default\">Entdecken Sie jetzt, wie Sie mit fundiertem Wissen und cleveren Strategien Ihr Potenzial in der digitalen Welt voll aussch\u00f6pfen k\u00f6nnen!<\/p>\t\t\t\t<\/div>\n\t\t\t\t<\/div>\n\t\t<div class=\"elementor-element elementor-element-31e3acf e-con-full e-flex parallax_section_no qode_elementor_container_no e-con e-child\" data-id=\"31e3acf\" data-element_type=\"container\" data-e-type=\"container\">\n\t\t\t\t<div class=\"elementor-element elementor-element-06104ff elementor-position-inline-start elementor-view-default elementor-mobile-position-block-start elementor-widget elementor-widget-icon-box\" data-id=\"06104ff\" data-element_type=\"widget\" data-e-type=\"widget\" data-widget_type=\"icon-box.default\">\n\t\t\t\t<div class=\"elementor-widget-container\">\n\t\t\t\t\t\t\t<div class=\"elementor-icon-box-wrapper\">\n\n\t\t\t\t\t\t<div class=\"elementor-icon-box-icon\">\n\t\t\t\t<span  class=\"elementor-icon\">\n\t\t\t\t<svg aria-hidden=\"true\" class=\"e-font-icon-svg e-far-envelope\" viewBox=\"0 0 512 512\" xmlns=\"http:\/\/www.w3.org\/2000\/svg\"><path d=\"M464 64H48C21.49 64 0 85.49 0 112v288c0 26.51 21.49 48 48 48h416c26.51 0 48-21.49 48-48V112c0-26.51-21.49-48-48-48zm0 48v40.805c-22.422 18.259-58.168 46.651-134.587 106.49-16.841 13.247-50.201 45.072-73.413 44.701-23.208.375-56.579-31.459-73.413-44.701C106.18 199.465 70.425 171.067 48 152.805V112h416zM48 400V214.398c22.914 18.251 55.409 43.862 104.938 82.646 21.857 17.205 60.134 55.186 103.062 54.955 42.717.231 80.509-37.199 103.053-54.947 49.528-38.783 82.032-64.401 104.947-82.653V400H48z\"><\/path><\/svg>\t\t\t\t<\/span>\n\t\t\t<\/div>\n\t\t\t\n\t\t\t\n\t\t<\/div>\n\t\t\t\t\t\t<\/div>\n\t\t\t\t<\/div>\n\t\t\t\t<div class=\"elementor-element elementor-element-f099318 elementor-widget elementor-widget-heading\" data-id=\"f099318\" data-element_type=\"widget\" data-e-type=\"widget\" data-widget_type=\"heading.default\">\n\t\t\t\t<div class=\"elementor-widget-container\">\n\t\t\t\t\t<h6 class=\"elementor-heading-title elementor-size-default\"><a href=\"#ind_con\">Kontaktieren Sie uns f\u00fcr Ihren Krypto-Erfolg.<\/a><\/h6>\t\t\t\t<\/div>\n\t\t\t\t<\/div>\n\t\t\t\t<\/div>\n\t\t\t\t\t<\/div>\n\t\t\t\t<\/div>\n\t\t<div class=\"elementor-element elementor-element-0e89040 e-flex e-con-boxed parallax_section_no qode_elementor_container_no e-con e-parent\" data-id=\"0e89040\" data-element_type=\"container\" data-e-type=\"container\" id=\"cry_fun_mas\">\n\t\t\t\t\t<div class=\"e-con-inner\">\n\t\t<div class=\"elementor-element elementor-element-f2a7561 e-con-full e-flex parallax_section_no qode_elementor_container_no e-con e-child\" data-id=\"f2a7561\" data-element_type=\"container\" data-e-type=\"container\">\n\t\t\t\t<div class=\"elementor-element elementor-element-058514a elementor-widget elementor-widget-heading\" data-id=\"058514a\" data-element_type=\"widget\" data-e-type=\"widget\" data-widget_type=\"heading.default\">\n\t\t\t\t<div class=\"elementor-widget-container\">\n\t\t\t\t\t<h2 class=\"elementor-heading-title elementor-size-default\">Krypto-Grundlagen Meisterung<\/h2>\t\t\t\t<\/div>\n\t\t\t\t<\/div>\n\t\t\t\t<div class=\"elementor-element elementor-element-9f7720b elementor-widget elementor-widget-heading\" data-id=\"9f7720b\" data-element_type=\"widget\" data-e-type=\"widget\" data-widget_type=\"heading.default\">\n\t\t\t\t<div class=\"elementor-widget-container\">\n\t\t\t\t\t<h5 class=\"elementor-heading-title elementor-size-default\">Ihr Turbo-Start in die Krypto-Welt!<\/h5>\t\t\t\t<\/div>\n\t\t\t\t<\/div>\n\t\t\t\t<div class=\"elementor-element elementor-element-6e62554 elementor-widget elementor-widget-heading\" data-id=\"6e62554\" data-element_type=\"widget\" data-e-type=\"widget\" data-widget_type=\"heading.default\">\n\t\t\t\t<div class=\"elementor-widget-container\">\n\t\t\t\t\t<p class=\"elementor-heading-title elementor-size-default\">In nur 2 Stunden zum Krypto-Kenner! Unser Intensiv-Bootcamp katapultiert Sie an die Spitze des Grundlagenwissens | 249\u20ac <\/p>\t\t\t\t<\/div>\n\t\t\t\t<\/div>\n\t\t\t\t<div class=\"elementor-element elementor-element-1685f03 elementor-widget elementor-widget-text-editor\" data-id=\"1685f03\" data-element_type=\"widget\" data-e-type=\"widget\" data-widget_type=\"text-editor.default\">\n\t\t\t\t<div class=\"elementor-widget-container\">\n\t\t\t\t\t\t\t\t\t<ul><li style=\"text-align: left;\"><strong><span style=\"vertical-align: inherit;\"><span style=\"vertical-align: inherit;\">Kompakt &amp; Effectiv<\/span><\/span><\/strong><span style=\"vertical-align: inherit;\"><span style=\"vertical-align: inherit;\">: Lernen Sie in 120 Minuten, wof\u00fcr andere Wochen brauchen.<\/span><\/span><\/li><li><strong><span style=\"vertical-align: inherit;\"><span style=\"vertical-align: inherit;\">Interaktives Erlebnis<\/span><\/span><\/strong><span style=\"vertical-align: inherit;\"><span style=\"vertical-align: inherit;\">: Stellen Sie Fragen, l\u00f6sen Sie Probleme und erleben Sie Aha-Momente in Echtzeit.<\/span><\/span><\/li><li><strong><span style=\"vertical-align: inherit;\"><span style=\"vertical-align: inherit;\">Von Null auf Hundert<\/span><\/span><\/strong><span style=\"vertical-align: inherit;\"><span style=\"vertical-align: inherit;\">: Verstehen Sie die Blockchainmechanismen und wie diese die Welt ver\u00e4ndern.<\/span><\/span><\/li><\/ul>\t\t\t\t\t\t\t\t<\/div>\n\t\t\t\t<\/div>\n\t\t\t\t<div class=\"elementor-element elementor-element-5ed7335 elementor-position-inline-start elementor-view-default elementor-mobile-position-block-start elementor-widget elementor-widget-icon-box\" data-id=\"5ed7335\" data-element_type=\"widget\" data-e-type=\"widget\" data-widget_type=\"icon-box.default\">\n\t\t\t\t<div class=\"elementor-widget-container\">\n\t\t\t\t\t\t\t<div class=\"elementor-icon-box-wrapper\">\n\n\t\t\t\t\t\t<div class=\"elementor-icon-box-icon\">\n\t\t\t\t<span  class=\"elementor-icon\">\n\t\t\t\t<svg aria-hidden=\"true\" class=\"e-font-icon-svg e-far-check-square\" viewBox=\"0 0 448 512\" xmlns=\"http:\/\/www.w3.org\/2000\/svg\"><path d=\"M400 32H48C21.49 32 0 53.49 0 80v352c0 26.51 21.49 48 48 48h352c26.51 0 48-21.49 48-48V80c0-26.51-21.49-48-48-48zm0 400H48V80h352v352zm-35.864-241.724L191.547 361.48c-4.705 4.667-12.303 4.637-16.97-.068l-90.781-91.516c-4.667-4.705-4.637-12.303.069-16.971l22.719-22.536c4.705-4.667 12.303-4.637 16.97.069l59.792 60.277 141.352-140.216c4.705-4.667 12.303-4.637 16.97.068l22.536 22.718c4.667 4.706 4.637 12.304-.068 16.971z\"><\/path><\/svg>\t\t\t\t<\/span>\n\t\t\t<\/div>\n\t\t\t\n\t\t\t\t\t\t<div class=\"elementor-icon-box-content\">\n\n\t\t\t\t\n\t\t\t\t\t\t\t\t\t<p class=\"elementor-icon-box-description\">\n\t\t\t\t\t\tKrypto-Fundament errichtet und grundlegende Krypto-Kenntnisse erworben.\t\t\t\t\t<\/p>\n\t\t\t\t\n\t\t\t<\/div>\n\t\t\t\n\t\t<\/div>\n\t\t\t\t\t\t<\/div>\n\t\t\t\t<\/div>\n\t\t\t\t<div class=\"elementor-element elementor-element-7ca8d27 elementor-widget elementor-widget-heading\" data-id=\"7ca8d27\" data-element_type=\"widget\" data-e-type=\"widget\" data-widget_type=\"heading.default\">\n\t\t\t\t<div class=\"elementor-widget-container\">\n\t\t\t\t\t<p class=\"elementor-heading-title elementor-size-default\">Verpassen Sie nicht die Chance, sich blitzschnell das Wissen anzueignen, das Ihnen den entscheidenden Vorsprung verschafft. Kontaktieren Sie uns jetzt und starten Sie Ihre Krypto-Reise! <\/p>\t\t\t\t<\/div>\n\t\t\t\t<\/div>\n\t\t\t\t<\/div>\n\t\t<div class=\"elementor-element elementor-element-027f3ff e-con-full elementor-hidden-tablet elementor-hidden-mobile e-flex parallax_section_no qode_elementor_container_no e-con e-child\" data-id=\"027f3ff\" data-element_type=\"container\" data-e-type=\"container\">\n\t\t\t\t<div class=\"elementor-element elementor-element-17ff2c9 elementor-widget elementor-widget-image\" data-id=\"17ff2c9\" data-element_type=\"widget\" data-e-type=\"widget\" data-widget_type=\"image.default\">\n\t\t\t\t<div class=\"elementor-widget-container\">\n\t\t\t\t\t\t\t\t\t\t\t\t\t\t\t<img fetchpriority=\"high\" decoding=\"async\" width=\"275\" height=\"385\" src=\"https:\/\/www.cryptopartnerlenz.com\/wp-content\/uploads\/2025\/02\/Individual_Learning_275x385.png\" class=\"attachment-large size-large wp-image-14327\" alt=\"Afrikanische und asiatische Frauen sitzen im Bett und schauen auf ihr Notebook. Sie \u00fcberlegen, sich f\u00fcr die individuellen Krypto-Lernkurse von CPL anzumelden: \u201eCrypto Fundamentals Mastery\u201c und \u201eCrypto Investment Accelerator\u201c. Krypto-Coaching und Krypto-Beratung.\" srcset=\"https:\/\/www.cryptopartnerlenz.com\/wp-content\/uploads\/2025\/02\/Individual_Learning_275x385.png 275w, https:\/\/www.cryptopartnerlenz.com\/wp-content\/uploads\/2025\/02\/Individual_Learning_275x385-214x300.png 214w\" sizes=\"(max-width: 275px) 100vw, 275px\" \/>\t\t\t\t\t\t\t\t\t\t\t\t\t\t\t<\/div>\n\t\t\t\t<\/div>\n\t\t\t\t<\/div>\n\t\t\t\t\t<\/div>\n\t\t\t\t<\/div>\n\t\t<div class=\"elementor-element elementor-element-493c0e3 e-flex e-con-boxed parallax_section_no qode_elementor_container_no e-con e-parent\" data-id=\"493c0e3\" data-element_type=\"container\" data-e-type=\"container\" id=\"cry_inv_acc\">\n\t\t\t\t\t<div class=\"e-con-inner\">\n\t\t<div class=\"elementor-element elementor-element-c90927d e-con-full elementor-hidden-tablet elementor-hidden-mobile e-flex parallax_section_no qode_elementor_container_no e-con e-child\" data-id=\"c90927d\" data-element_type=\"container\" data-e-type=\"container\">\n\t\t\t\t<div class=\"elementor-element elementor-element-80eb726 elementor-widget elementor-widget-image\" data-id=\"80eb726\" data-element_type=\"widget\" data-e-type=\"widget\" data-widget_type=\"image.default\">\n\t\t\t\t<div class=\"elementor-widget-container\">\n\t\t\t\t\t\t\t\t\t\t\t\t\t\t\t<img decoding=\"async\" width=\"275\" height=\"385\" src=\"https:\/\/www.cryptopartnerlenz.com\/wp-content\/uploads\/2025\/02\/Individual_Learning_CIA_275x385.png\" class=\"attachment-large size-large wp-image-14454\" alt=\"Eine Frau und zwei M\u00e4nner stehen vor dem Bildschirm und sind gl\u00fccklich, mit Krypto-Investment-Beschleuniger von CPL erfolgreich zu sein.\" srcset=\"https:\/\/www.cryptopartnerlenz.com\/wp-content\/uploads\/2025\/02\/Individual_Learning_CIA_275x385.png 275w, https:\/\/www.cryptopartnerlenz.com\/wp-content\/uploads\/2025\/02\/Individual_Learning_CIA_275x385-214x300.png 214w\" sizes=\"(max-width: 275px) 100vw, 275px\" \/>\t\t\t\t\t\t\t\t\t\t\t\t\t\t\t<\/div>\n\t\t\t\t<\/div>\n\t\t\t\t<\/div>\n\t\t<div class=\"elementor-element elementor-element-53a28ba e-con-full e-flex parallax_section_no qode_elementor_container_no e-con e-child\" data-id=\"53a28ba\" data-element_type=\"container\" data-e-type=\"container\" id=\"crypto_investment\">\n\t\t\t\t<div class=\"elementor-element elementor-element-4d2eba0 elementor-widget elementor-widget-heading\" data-id=\"4d2eba0\" data-element_type=\"widget\" data-e-type=\"widget\" data-widget_type=\"heading.default\">\n\t\t\t\t<div class=\"elementor-widget-container\">\n\t\t\t\t\t<h2 class=\"elementor-heading-title elementor-size-default\">Krypto Investment Beschleuniger<\/h2>\t\t\t\t<\/div>\n\t\t\t\t<\/div>\n\t\t\t\t<div class=\"elementor-element elementor-element-7e88a55 elementor-widget elementor-widget-heading\" data-id=\"7e88a55\" data-element_type=\"widget\" data-e-type=\"widget\" data-widget_type=\"heading.default\">\n\t\t\t\t<div class=\"elementor-widget-container\">\n\t\t\t\t\t<h5 class=\"elementor-heading-title elementor-size-default\">Werden Sie zum Krypto-Investment-Profi!<\/h5>\t\t\t\t<\/div>\n\t\t\t\t<\/div>\n\t\t\t\t<div class=\"elementor-element elementor-element-eb434c6 elementor-widget elementor-widget-heading\" data-id=\"eb434c6\" data-element_type=\"widget\" data-e-type=\"widget\" data-widget_type=\"heading.default\">\n\t\t\t\t<div class=\"elementor-widget-container\">\n\t\t\t\t\t<p class=\"elementor-heading-title elementor-size-default\">Exklusiver 2-t\u00e4giger Pr\u00e4senz-Workshop: Tauchen Sie ein in die Geheimnisse erfolgreicher Krypto-Investoren und schmieden Sie Ihre eigene Erfolgsstrategie | 3.999\u20ac<\/p>\t\t\t\t<\/div>\n\t\t\t\t<\/div>\n\t\t\t\t<div class=\"elementor-element elementor-element-d9ca31b elementor-widget elementor-widget-text-editor\" data-id=\"d9ca31b\" data-element_type=\"widget\" data-e-type=\"widget\" data-widget_type=\"text-editor.default\">\n\t\t\t\t<div class=\"elementor-widget-container\">\n\t\t\t\t\t\t\t\t\t<ul style=\"text-align: left;\"><li><strong>Hands-on Experience<\/strong>: Analysieren Sie M\u00e4rkte, verstehen Sie Konzepte und treffen Sie Spitzenentscheidungen.<\/li><li><strong>Networking auf Top-Niveau<\/strong>: Kn\u00fcpfen Sie wertvolle Kontakte in einer kleinen, ausgew\u00e4hlten Gruppe von Experten.<\/li><li><strong>Individuelle Betreuung<\/strong>: Optimieren Sie Ihre Strategie mit pers\u00f6nlichem Feedback und neuen Ideen.<\/li><\/ul>\t\t\t\t\t\t\t\t<\/div>\n\t\t\t\t<\/div>\n\t\t\t\t<div class=\"elementor-element elementor-element-c64c967 elementor-position-inline-start elementor-view-default elementor-mobile-position-block-start elementor-widget elementor-widget-icon-box\" data-id=\"c64c967\" data-element_type=\"widget\" data-e-type=\"widget\" data-widget_type=\"icon-box.default\">\n\t\t\t\t<div class=\"elementor-widget-container\">\n\t\t\t\t\t\t\t<div class=\"elementor-icon-box-wrapper\">\n\n\t\t\t\t\t\t<div class=\"elementor-icon-box-icon\">\n\t\t\t\t<span  class=\"elementor-icon\">\n\t\t\t\t<svg aria-hidden=\"true\" class=\"e-font-icon-svg e-far-check-square\" viewBox=\"0 0 448 512\" xmlns=\"http:\/\/www.w3.org\/2000\/svg\"><path d=\"M400 32H48C21.49 32 0 53.49 0 80v352c0 26.51 21.49 48 48 48h352c26.51 0 48-21.49 48-48V80c0-26.51-21.49-48-48-48zm0 400H48V80h352v352zm-35.864-241.724L191.547 361.48c-4.705 4.667-12.303 4.637-16.97-.068l-90.781-91.516c-4.667-4.705-4.637-12.303.069-16.971l22.719-22.536c4.705-4.667 12.303-4.637 16.97.069l59.792 60.277 141.352-140.216c4.705-4.667 12.303-4.637 16.97.068l22.536 22.718c4.667 4.706 4.637 12.304-.068 16.971z\"><\/path><\/svg>\t\t\t\t<\/span>\n\t\t\t<\/div>\n\t\t\t\n\t\t\t\t\t\t<div class=\"elementor-icon-box-content\">\n\n\t\t\t\t\n\t\t\t\t\t\t\t\t\t<p class=\"elementor-icon-box-description\">\n\t\t\t\t\t\tKrypto Investment beschleunigt und bereit den Markt zu \u00fcbertreffen.\t\t\t\t\t<\/p>\n\t\t\t\t\n\t\t\t<\/div>\n\t\t\t\n\t\t<\/div>\n\t\t\t\t\t\t<\/div>\n\t\t\t\t<\/div>\n\t\t\t\t<div class=\"elementor-element elementor-element-d489a20 elementor-widget elementor-widget-heading\" data-id=\"d489a20\" data-element_type=\"widget\" data-e-type=\"widget\" data-widget_type=\"heading.default\">\n\t\t\t\t<div class=\"elementor-widget-container\">\n\t\t\t\t\t<p class=\"elementor-heading-title elementor-size-default\">Sichern Sie sich jetzt einen der begehrten Pl\u00e4tze und katapultieren Sie Ihre Investmentf\u00e4higkeiten in neue Dimensionen. Ihre Zukunft als versierter Krypto-Investor beginnt hier! <\/p>\t\t\t\t<\/div>\n\t\t\t\t<\/div>\n\t\t\t\t<\/div>\n\t\t\t\t\t<\/div>\n\t\t\t\t<\/div>\n\t\t\t\t<\/div>\n\t\t","protected":false},"excerpt":{"rendered":"<p>Ihr Weg zum Krypto-Erfolg Crypto Fundamentals Mastery Krypto Investment Beschleuniger Tauchen Sie ein in die faszinierende Welt der Kryptow\u00e4hrungen und der Blockchain-Technologie mit unserem Krypto-Grundlagen Meisterung und Krypto Investment Beschleuniger! Unser Programm Individual Learning \u00f6ffnet die T\u00fcr zu einem exklusiven Wissensschatz, der Ihre individuelle Freiheit&#8230;<\/p>\n","protected":false},"author":2,"featured_media":0,"parent":0,"menu_order":0,"comment_status":"closed","ping_status":"closed","template":"elementor_header_footer","meta":{"footnotes":""},"class_list":["post-14457","page","type-page","status-publish","hentry"],"_links":{"self":[{"href":"https:\/\/www.cryptopartnerlenz.com\/de\/wp-json\/wp\/v2\/pages\/14457","targetHints":{"allow":["GET"]}}],"collection":[{"href":"https:\/\/www.cryptopartnerlenz.com\/de\/wp-json\/wp\/v2\/pages"}],"about":[{"href":"https:\/\/www.cryptopartnerlenz.com\/de\/wp-json\/wp\/v2\/types\/page"}],"author":[{"embeddable":true,"href":"https:\/\/www.cryptopartnerlenz.com\/de\/wp-json\/wp\/v2\/users\/2"}],"replies":[{"embeddable":true,"href":"https:\/\/www.cryptopartnerlenz.com\/de\/wp-json\/wp\/v2\/comments?post=14457"}],"version-history":[{"count":6,"href":"https:\/\/www.cryptopartnerlenz.com\/de\/wp-json\/wp\/v2\/pages\/14457\/revisions"}],"predecessor-version":[{"id":14596,"href":"https:\/\/www.cryptopartnerlenz.com\/de\/wp-json\/wp\/v2\/pages\/14457\/revisions\/14596"}],"wp:attachment":[{"href":"https:\/\/www.cryptopartnerlenz.com\/de\/wp-json\/wp\/v2\/media?parent=14457"}],"curies":[{"name":"wp","href":"https:\/\/api.w.org\/{rel}","templated":true}]}}