{"id":14315,"date":"2023-10-03T10:37:59","date_gmt":"2023-10-03T08:37:59","guid":{"rendered":"https:\/\/www.cryptopartnerlenz.com\/ueber-uns\/"},"modified":"2026-02-02T12:10:00","modified_gmt":"2026-02-02T11:10:00","slug":"ueber-uns","status":"publish","type":"page","link":"https:\/\/www.cryptopartnerlenz.com\/de\/ueber-uns\/","title":{"rendered":"\u00dcber uns"},"content":{"rendered":"\t\t<div data-elementor-type=\"wp-page\" data-elementor-id=\"14315\" class=\"elementor elementor-14315 elementor-8853\" data-elementor-post-type=\"page\">\n\t\t\t\t<div class=\"elementor-element elementor-element-ef3f422 e-con-full e-flex parallax_section_no qode_elementor_container_no e-con e-parent\" data-id=\"ef3f422\" data-element_type=\"container\" data-e-type=\"container\">\n\t\t<div class=\"elementor-element elementor-element-8da6992 e-con-full e-flex parallax_section_no qode_elementor_container_no e-con e-child\" data-id=\"8da6992\" data-element_type=\"container\" data-e-type=\"container\">\n\t\t\t\t<div class=\"elementor-element elementor-element-20d69c0 elementor-widget elementor-widget-heading\" data-id=\"20d69c0\" data-element_type=\"widget\" data-e-type=\"widget\" data-widget_type=\"heading.default\">\n\t\t\t\t<div class=\"elementor-widget-container\">\n\t\t\t\t\t<h2 class=\"elementor-heading-title elementor-size-default\">Dr. Benjamin Lenz \u2013 Ihr Krypto-Partner<\/h2>\t\t\t\t<\/div>\n\t\t\t\t<\/div>\n\t\t\t\t<\/div>\n\t\t<div class=\"elementor-element elementor-element-26b4de0 e-con-full e-flex parallax_section_no qode_elementor_container_no e-con e-child\" data-id=\"26b4de0\" data-element_type=\"container\" data-e-type=\"container\">\n\t\t\t\t<div class=\"elementor-element elementor-element-6e06d39 elementor-widget__width-initial elementor-widget elementor-widget-image\" data-id=\"6e06d39\" data-element_type=\"widget\" data-e-type=\"widget\" data-widget_type=\"image.default\">\n\t\t\t\t<div class=\"elementor-widget-container\">\n\t\t\t\t\t\t\t\t\t\t\t\t\t\t\t<img fetchpriority=\"high\" decoding=\"async\" width=\"768\" height=\"934\" src=\"https:\/\/www.cryptopartnerlenz.com\/wp-content\/uploads\/2025\/01\/Contact_Ben-768x934.jpg\" class=\"attachment-medium_large size-medium_large wp-image-14331\" alt=\"Bild von Krypto-Coach Dr. Benjamin Lenz. L\u00e4ssig auf einem Stuhl sitzend, mit wei\u00dfem Hemd und blauem Jackett.\" srcset=\"https:\/\/www.cryptopartnerlenz.com\/wp-content\/uploads\/2025\/01\/Contact_Ben-768x934.jpg 768w, https:\/\/www.cryptopartnerlenz.com\/wp-content\/uploads\/2025\/01\/Contact_Ben-247x300.jpg 247w, https:\/\/www.cryptopartnerlenz.com\/wp-content\/uploads\/2025\/01\/Contact_Ben-842x1024.jpg 842w, https:\/\/www.cryptopartnerlenz.com\/wp-content\/uploads\/2025\/01\/Contact_Ben-1263x1536.jpg 1263w, https:\/\/www.cryptopartnerlenz.com\/wp-content\/uploads\/2025\/01\/Contact_Ben-1684x2048.jpg 1684w, https:\/\/www.cryptopartnerlenz.com\/wp-content\/uploads\/2025\/01\/Contact_Ben-700x851.jpg 700w\" sizes=\"(max-width: 768px) 100vw, 768px\" \/>\t\t\t\t\t\t\t\t\t\t\t\t\t\t\t<\/div>\n\t\t\t\t<\/div>\n\t\t\t\t<\/div>\n\t\t\t\t<\/div>\n\t\t<div class=\"elementor-element elementor-element-6ed04ab e-flex e-con-boxed parallax_section_no qode_elementor_container_no e-con e-parent\" data-id=\"6ed04ab\" data-element_type=\"container\" data-e-type=\"container\">\n\t\t\t\t\t<div class=\"e-con-inner\">\n\t\t<div class=\"elementor-element elementor-element-cee286d e-con-full elementor-hidden-tablet elementor-hidden-mobile e-flex parallax_section_no qode_elementor_container_no e-con e-child\" data-id=\"cee286d\" data-element_type=\"container\" data-e-type=\"container\">\n\t\t\t\t<div class=\"elementor-element elementor-element-41236f7 elementor-hidden-mobile elementor-widget elementor-widget-image\" data-id=\"41236f7\" data-element_type=\"widget\" data-e-type=\"widget\" data-widget_type=\"image.default\">\n\t\t\t\t<div class=\"elementor-widget-container\">\n\t\t\t\t\t\t\t\t\t\t\t\t\t\t\t<img decoding=\"async\" width=\"300\" height=\"171\" src=\"https:\/\/www.cryptopartnerlenz.com\/wp-content\/uploads\/2025\/02\/250211_Aspiration_transparent.png\" class=\"attachment-medium size-medium wp-image-14332\" alt=\"Mann mit offenen Armen, der zum Horizont blickt und CPLs Ziel demonstriert: Individuelle Freiheit\" \/>\t\t\t\t\t\t\t\t\t\t\t\t\t\t\t<\/div>\n\t\t\t\t<\/div>\n\t\t\t\t<\/div>\n\t\t<div class=\"elementor-element elementor-element-6e44c24 e-con-full e-flex parallax_section_no qode_elementor_container_no e-con e-child\" data-id=\"6e44c24\" data-element_type=\"container\" data-e-type=\"container\">\n\t\t\t\t<div class=\"elementor-element elementor-element-2577584 elementor-widget elementor-widget-heading\" data-id=\"2577584\" data-element_type=\"widget\" data-e-type=\"widget\" data-widget_type=\"heading.default\">\n\t\t\t\t<div class=\"elementor-widget-container\">\n\t\t\t\t\t<h2 class=\"elementor-heading-title elementor-size-default\">Warum<\/h2>\t\t\t\t<\/div>\n\t\t\t\t<\/div>\n\t\t\t\t<div class=\"elementor-element elementor-element-82230ae elementor-widget elementor-widget-heading\" data-id=\"82230ae\" data-element_type=\"widget\" data-e-type=\"widget\" data-widget_type=\"heading.default\">\n\t\t\t\t<div class=\"elementor-widget-container\">\n\t\t\t\t\t<h6 class=\"elementor-heading-title elementor-size-default\">Crypto Partner Lenz - unser Anspruch<\/h6>\t\t\t\t<\/div>\n\t\t\t\t<\/div>\n\t\t\t\t<div class=\"elementor-element elementor-element-0d0582d elementor-widget elementor-widget-text-editor\" data-id=\"0d0582d\" data-element_type=\"widget\" data-e-type=\"widget\" data-widget_type=\"text-editor.default\">\n\t\t\t\t<div class=\"elementor-widget-container\">\n\t\t\t\t\t\t\t\t\t<p style=\"text-align: center;\">\u201eDas Geheimnis des Gl\u00fccks ist Freiheit&#8230; Und das Geheimnis der Freiheit ist Mut.\u201c &#8211; Thukydides<\/p>\t\t\t\t\t\t\t\t<\/div>\n\t\t\t\t<\/div>\n\t\t\t\t<div class=\"elementor-element elementor-element-9d4f6f1 elementor-widget elementor-widget-text-editor\" data-id=\"9d4f6f1\" data-element_type=\"widget\" data-e-type=\"widget\" data-widget_type=\"text-editor.default\">\n\t\t\t\t<div class=\"elementor-widget-container\">\n\t\t\t\t\t\t\t\t\t<p>Wahre <span style=\"color: #6eaa46;\"><strong>individuelle Freiheit<\/strong><\/span> basiert auf wirtschaftlicher Sicherheit statt auf der Versklavung in einem finanziellen Hamsterrad und auf Unabh\u00e4ngigkeit statt auf einer weltweit wachsenden Autokratie. Frei zu sein bedeutet, so zu leben, dass man andere und ihre Freiheit respektiert.<\/p>\t\t\t\t\t\t\t\t<\/div>\n\t\t\t\t<\/div>\n\t\t\t\t<\/div>\n\t\t\t\t\t<\/div>\n\t\t\t\t<\/div>\n\t\t<div class=\"elementor-element elementor-element-ed05724 e-flex e-con-boxed parallax_section_no qode_elementor_container_no e-con e-parent\" data-id=\"ed05724\" data-element_type=\"container\" data-e-type=\"container\">\n\t\t\t\t\t<div class=\"e-con-inner\">\n\t\t<div class=\"elementor-element elementor-element-bcc7687 e-con-full e-flex parallax_section_no qode_elementor_container_no e-con e-child\" data-id=\"bcc7687\" data-element_type=\"container\" data-e-type=\"container\">\n\t\t\t\t<div class=\"elementor-element elementor-element-4b09c51 elementor-widget elementor-widget-heading\" data-id=\"4b09c51\" data-element_type=\"widget\" data-e-type=\"widget\" data-widget_type=\"heading.default\">\n\t\t\t\t<div class=\"elementor-widget-container\">\n\t\t\t\t\t<h2 class=\"elementor-heading-title elementor-size-default\">Wie<\/h2>\t\t\t\t<\/div>\n\t\t\t\t<\/div>\n\t\t\t\t<div class=\"elementor-element elementor-element-e6042e0 elementor-widget elementor-widget-heading\" data-id=\"e6042e0\" data-element_type=\"widget\" data-e-type=\"widget\" data-widget_type=\"heading.default\">\n\t\t\t\t<div class=\"elementor-widget-container\">\n\t\t\t\t\t<h6 class=\"elementor-heading-title elementor-size-default\">Crypto Partner Lenz - unsere Werte<\/h6>\t\t\t\t<\/div>\n\t\t\t\t<\/div>\n\t\t\t\t<div class=\"elementor-element elementor-element-cfd36c0 elementor-widget elementor-widget-text-editor\" data-id=\"cfd36c0\" data-element_type=\"widget\" data-e-type=\"widget\" data-widget_type=\"text-editor.default\">\n\t\t\t\t<div class=\"elementor-widget-container\">\n\t\t\t\t\t\t\t\t\t<p style=\"text-align: center;\">\u201eWenn wir Menschen mit Respekt behandeln, bauen wir Vertrauen auf.\u201c<\/p>\t\t\t\t\t\t\t\t<\/div>\n\t\t\t\t<\/div>\n\t\t\t\t<div class=\"elementor-element elementor-element-a087937 elementor-widget elementor-widget-text-editor\" data-id=\"a087937\" data-element_type=\"widget\" data-e-type=\"widget\" data-widget_type=\"text-editor.default\">\n\t\t\t\t<div class=\"elementor-widget-container\">\n\t\t\t\t\t\t\t\t\t<p>Gegenseitiger <span style=\"color: #6eaa46;\"><strong>Respekt <\/strong><\/span>ist die Grundlage f\u00fcr starke, vertrauensvolle Beziehungen. Wenn wir andere so behandeln, brauchen wir nie Angst zu haben, unsere Stimme f\u00fcr Wahrheit und Mitgef\u00fchl zu erheben. Es braucht Mut, um das zu werden, was wir wirklich sind.<\/p>\t\t\t\t\t\t\t\t<\/div>\n\t\t\t\t<\/div>\n\t\t\t\t<\/div>\n\t\t<div class=\"elementor-element elementor-element-fb5386c e-con-full elementor-hidden-tablet elementor-hidden-mobile e-flex parallax_section_no qode_elementor_container_no e-con e-child\" data-id=\"fb5386c\" data-element_type=\"container\" data-e-type=\"container\">\n\t\t\t\t<div class=\"elementor-element elementor-element-edae427 elementor-hidden-mobile elementor-widget elementor-widget-image\" data-id=\"edae427\" data-element_type=\"widget\" data-e-type=\"widget\" data-widget_type=\"image.default\">\n\t\t\t\t<div class=\"elementor-widget-container\">\n\t\t\t\t\t\t\t\t\t\t\t\t\t\t\t<img decoding=\"async\" width=\"300\" height=\"170\" src=\"https:\/\/www.cryptopartnerlenz.com\/wp-content\/uploads\/2025\/03\/HOW_Values_300x170_transparent.png\" class=\"attachment-medium size-medium wp-image-14318\" alt=\"5 Personen vor dem Horizont, die die Werte von CPL demonstrieren: Respekt, Wahrheit und Mut.\" \/>\t\t\t\t\t\t\t\t\t\t\t\t\t\t\t<\/div>\n\t\t\t\t<\/div>\n\t\t\t\t<\/div>\n\t\t\t\t\t<\/div>\n\t\t\t\t<\/div>\n\t\t<div class=\"elementor-element elementor-element-3d8fe8a e-flex e-con-boxed parallax_section_no qode_elementor_container_no e-con e-parent\" data-id=\"3d8fe8a\" data-element_type=\"container\" data-e-type=\"container\">\n\t\t\t\t\t<div class=\"e-con-inner\">\n\t\t<div class=\"elementor-element elementor-element-3b28e0f e-con-full elementor-hidden-tablet elementor-hidden-mobile e-flex parallax_section_no qode_elementor_container_no e-con e-child\" data-id=\"3b28e0f\" data-element_type=\"container\" data-e-type=\"container\">\n\t\t\t\t<div class=\"elementor-element elementor-element-922f67d elementor-hidden-mobile elementor-widget elementor-widget-image\" data-id=\"922f67d\" data-element_type=\"widget\" data-e-type=\"widget\" data-widget_type=\"image.default\">\n\t\t\t\t<div class=\"elementor-widget-container\">\n\t\t\t\t\t\t\t\t\t\t\t\t\t\t\t<img loading=\"lazy\" decoding=\"async\" width=\"300\" height=\"170\" src=\"https:\/\/www.cryptopartnerlenz.com\/wp-content\/uploads\/2025\/03\/WHAT_Actions_300x170_transparent.png\" class=\"attachment-medium size-medium wp-image-14319\" alt=\"Frauen und M\u00e4nner geben sich bei einem Meeting die Hand und demonstrieren die Ma\u00dfnahmen von CPL zur F\u00f6rderung des Krypto-Erfolgs.\" \/>\t\t\t\t\t\t\t\t\t\t\t\t\t\t\t<\/div>\n\t\t\t\t<\/div>\n\t\t\t\t<\/div>\n\t\t<div class=\"elementor-element elementor-element-ab21b8f e-con-full e-flex parallax_section_no qode_elementor_container_no e-con e-child\" data-id=\"ab21b8f\" data-element_type=\"container\" data-e-type=\"container\">\n\t\t\t\t<div class=\"elementor-element elementor-element-6ef967f elementor-widget elementor-widget-heading\" data-id=\"6ef967f\" data-element_type=\"widget\" data-e-type=\"widget\" data-widget_type=\"heading.default\">\n\t\t\t\t<div class=\"elementor-widget-container\">\n\t\t\t\t\t<h2 class=\"elementor-heading-title elementor-size-default\">Was<\/h2>\t\t\t\t<\/div>\n\t\t\t\t<\/div>\n\t\t\t\t<div class=\"elementor-element elementor-element-6b80175 elementor-widget elementor-widget-heading\" data-id=\"6b80175\" data-element_type=\"widget\" data-e-type=\"widget\" data-widget_type=\"heading.default\">\n\t\t\t\t<div class=\"elementor-widget-container\">\n\t\t\t\t\t<h6 class=\"elementor-heading-title elementor-size-default\">Crypto Partner Lenz - unsere Taten<\/h6>\t\t\t\t<\/div>\n\t\t\t\t<\/div>\n\t\t\t\t<div class=\"elementor-element elementor-element-035a240 elementor-widget elementor-widget-text-editor\" data-id=\"035a240\" data-element_type=\"widget\" data-e-type=\"widget\" data-widget_type=\"text-editor.default\">\n\t\t\t\t<div class=\"elementor-widget-container\">\n\t\t\t\t\t\t\t\t\t<p style=\"text-align: center;\">\u201eNicht weil die Dinge schwierig sind, wagen wir es nicht, sondern weil wir es nicht wagen, sind die Dinge schwierig.\u201c &#8211; Seneca<\/p>\t\t\t\t\t\t\t\t<\/div>\n\t\t\t\t<\/div>\n\t\t\t\t<div class=\"elementor-element elementor-element-43d3b05 elementor-widget elementor-widget-text-editor\" data-id=\"43d3b05\" data-element_type=\"widget\" data-e-type=\"widget\" data-widget_type=\"text-editor.default\">\n\t\t\t\t<div class=\"elementor-widget-container\">\n\t\t\t\t\t\t\t\t\t<p><span style=\"color: #6eaa46;\"><strong>Wir coachen Krypto-Erfolg<\/strong><\/span> f\u00fcr wahre individuelle Freiheit, indem wir die M\u00f6glichkeiten der disruptiven Blockchain-Technologie in einem kundenorientierten Ansatz entmystifizieren.<br><span style=\"color: #6eaa46;\"><strong>Wir bef\u00e4higen unsere Partner<\/strong><\/span>, ihr Verm\u00f6gen erfolgreich zu vermehren, sicher neue Wege zu erkunden und kostspielige Fehler zu vermeiden.<br><span style=\"color: #6eaa46;\"><strong>Wir tragen bei zu Gerechtigkeit<\/strong><\/span>, die durch dezentrale Technologien erm\u00f6glicht wird, indem wir wertvolles Wissen nutzen, um die richtigen Ma\u00dfnahmen zu ergreifen.<\/p>\t\t\t\t\t\t\t\t<\/div>\n\t\t\t\t<\/div>\n\t\t\t\t<\/div>\n\t\t\t\t\t<\/div>\n\t\t\t\t<\/div>\n\t\t<div class=\"elementor-element elementor-element-112f251 e-flex e-con-boxed parallax_section_no qode_elementor_container_no e-con e-parent\" data-id=\"112f251\" data-element_type=\"container\" data-e-type=\"container\">\n\t\t\t\t\t<div class=\"e-con-inner\">\n\t\t<div class=\"elementor-element elementor-element-45c7ce3 e-con-full e-flex parallax_section_no qode_elementor_container_no e-con e-child\" data-id=\"45c7ce3\" data-element_type=\"container\" data-e-type=\"container\">\n\t\t\t\t<div class=\"elementor-element elementor-element-b4631d9 elementor-widget elementor-widget-heading\" data-id=\"b4631d9\" data-element_type=\"widget\" data-e-type=\"widget\" data-widget_type=\"heading.default\">\n\t\t\t\t<div class=\"elementor-widget-container\">\n\t\t\t\t\t<h2 class=\"elementor-heading-title elementor-size-default\">Wer<\/h2>\t\t\t\t<\/div>\n\t\t\t\t<\/div>\n\t\t\t\t<div class=\"elementor-element elementor-element-b90dc49 elementor-widget elementor-widget-heading\" data-id=\"b90dc49\" data-element_type=\"widget\" data-e-type=\"widget\" data-widget_type=\"heading.default\">\n\t\t\t\t<div class=\"elementor-widget-container\">\n\t\t\t\t\t<h6 class=\"elementor-heading-title elementor-size-default\">Crypto Partner Lenz - die Reise<\/h6>\t\t\t\t<\/div>\n\t\t\t\t<\/div>\n\t\t\t\t<div class=\"elementor-element elementor-element-a90047d elementor-widget elementor-widget-text-editor\" data-id=\"a90047d\" data-element_type=\"widget\" data-e-type=\"widget\" data-widget_type=\"text-editor.default\">\n\t\t\t\t<div class=\"elementor-widget-container\">\n\t\t\t\t\t\t\t\t\t<p><span style=\"color: #6eaa46;\"><strong>Als Krpyto Coach unterst\u00fctze ich meine Klienten auf ihrem Weg zum Erfolg<\/strong><\/span> in der Kryptowelt. Um dies zu erreichen, nutze ich meine einzigartige Kombination aus \u00fcber 15 Jahren technischer und wirtschaftlicher Expertise und \u00fcber 10 Jahren F\u00fchrungserfahrung in einem DAX-notierten Unternehmen. <\/p><p><span style=\"color: #6eaa46;\"><strong>Seit zehn Jahren gestalte ich als Kryptopionier<\/strong><\/span> gemeinsam mit meinem Partnernetzwerk die digitale Zukunft unserer Gesellschaft und nutze das enorme Potenzial der dezentralen Blockchain-Technologie.<\/p>\t\t\t\t\t\t\t\t<\/div>\n\t\t\t\t<\/div>\n\t\t\t\t<\/div>\n\t\t<div class=\"elementor-element elementor-element-62b296f e-con-full e-flex parallax_section_no qode_elementor_container_no e-con e-child\" data-id=\"62b296f\" data-element_type=\"container\" data-e-type=\"container\">\n\t\t\t\t<div class=\"elementor-element elementor-element-80fa269 elementor-widget elementor-widget-image\" data-id=\"80fa269\" data-element_type=\"widget\" data-e-type=\"widget\" data-widget_type=\"image.default\">\n\t\t\t\t<div class=\"elementor-widget-container\">\n\t\t\t\t\t\t\t\t\t\t\t\t\t\t\t<img loading=\"lazy\" decoding=\"async\" width=\"300\" height=\"136\" src=\"https:\/\/www.cryptopartnerlenz.com\/wp-content\/uploads\/2025\/02\/250215_Life_Path-300x136.png\" class=\"attachment-medium size-medium wp-image-14317\" alt=\"Das Leben ... ist kein gerader Weg ... sondern kontinuierliches Lernen ... und Wachstum au\u00dferhalb der Komfortzone.\" srcset=\"https:\/\/www.cryptopartnerlenz.com\/wp-content\/uploads\/2025\/02\/250215_Life_Path-300x136.png 300w, https:\/\/www.cryptopartnerlenz.com\/wp-content\/uploads\/2025\/02\/250215_Life_Path.png 675w\" sizes=\"(max-width: 300px) 100vw, 300px\" \/>\t\t\t\t\t\t\t\t\t\t\t\t\t\t\t<\/div>\n\t\t\t\t<\/div>\n\t\t\t\t<\/div>\n\t\t\t\t\t<\/div>\n\t\t\t\t<\/div>\n\t\t<div class=\"elementor-element elementor-element-1c7bb1b e-flex e-con-boxed parallax_section_no qode_elementor_container_no e-con e-parent\" data-id=\"1c7bb1b\" data-element_type=\"container\" data-e-type=\"container\">\n\t\t\t\t\t<div class=\"e-con-inner\">\n\t\t<div class=\"elementor-element elementor-element-8e3c1cb e-con-full e-flex parallax_section_no qode_elementor_container_no e-con e-child\" data-id=\"8e3c1cb\" data-element_type=\"container\" data-e-type=\"container\">\n\t\t\t\t<div class=\"elementor-element elementor-element-1e564d8 elementor-widget elementor-widget-image\" data-id=\"1e564d8\" data-element_type=\"widget\" data-e-type=\"widget\" data-widget_type=\"image.default\">\n\t\t\t\t<div class=\"elementor-widget-container\">\n\t\t\t\t\t\t\t\t\t\t\t\t\t\t\t<img loading=\"lazy\" decoding=\"async\" width=\"464\" height=\"1077\" src=\"https:\/\/www.cryptopartnerlenz.com\/wp-content\/uploads\/2025\/03\/CPL_Journey_464x1077.png\" class=\"attachment-medium_large size-medium_large wp-image-14320\" alt=\"Beruflicher Werdegang: Beginn mit einem IT-Studium, Abschluss mit einer Promotion in K\u00fcnstlicher Intelligenz, Berufst\u00e4tigkeit in einem DAX-Unternehmen als Ingenieur, Berater und Projektmanager mit IMPA-Level-C-Zertifizierung, Zusatzstudium als Executive MBA an der TUM, HSG &amp; Berkeley und \u00dcbernahme wirtschaftlicher Verantwortung bei der Arbeit als Direktor eines deutschen DAX-Unternehmens.\" srcset=\"https:\/\/www.cryptopartnerlenz.com\/wp-content\/uploads\/2025\/03\/CPL_Journey_464x1077.png 464w, https:\/\/www.cryptopartnerlenz.com\/wp-content\/uploads\/2025\/03\/CPL_Journey_464x1077-129x300.png 129w, https:\/\/www.cryptopartnerlenz.com\/wp-content\/uploads\/2025\/03\/CPL_Journey_464x1077-441x1024.png 441w\" sizes=\"(max-width: 464px) 100vw, 464px\" \/>\t\t\t\t\t\t\t\t\t\t\t\t\t\t\t<\/div>\n\t\t\t\t<\/div>\n\t\t\t\t<\/div>\n\t\t\t\t\t<\/div>\n\t\t\t\t<\/div>\n\t\t<div class=\"elementor-element elementor-element-1ba0920d e-con-full e-flex parallax_section_no qode_elementor_container_no e-con e-parent\" data-id=\"1ba0920d\" data-element_type=\"container\" data-e-type=\"container\" data-settings=\"{&quot;background_background&quot;:&quot;classic&quot;}\">\n\t\t<div class=\"elementor-element elementor-element-7c3aaafa e-con-full e-flex parallax_section_no qode_elementor_container_no e-con e-child\" data-id=\"7c3aaafa\" data-element_type=\"container\" data-e-type=\"container\">\n\t\t\t\t<\/div>\n\t\t<div class=\"elementor-element elementor-element-e6a6ff4 e-con-full e-flex parallax_section_no qode_elementor_container_no e-con e-child\" data-id=\"e6a6ff4\" data-element_type=\"container\" data-e-type=\"container\">\n\t\t\t\t<div class=\"elementor-element elementor-element-6c860f7f elementor-widget__width-initial elementor-widget elementor-widget-heading\" data-id=\"6c860f7f\" data-element_type=\"widget\" data-e-type=\"widget\" data-widget_type=\"heading.default\">\n\t\t\t\t<div class=\"elementor-widget-container\">\n\t\t\t\t\t<h2 class=\"elementor-heading-title elementor-size-default\">Abonnieren Sie unseren Newsletter und erhalten Sie\n15 % Rabatt auf Ihre n\u00e4chste Beratung.<\/h2>\t\t\t\t<\/div>\n\t\t\t\t<\/div>\n\t\t\t\t<\/div>\n\t\t\t\t<\/div>\n\t\t\t\t<\/div>\n\t\t","protected":false},"excerpt":{"rendered":"<p>Dr. Benjamin Lenz \u2013 Ihr Krypto-Partner Warum Crypto Partner Lenz &#8211; unser Anspruch \u201eDas Geheimnis des Gl\u00fccks ist Freiheit&#8230; Und das Geheimnis der Freiheit ist Mut.\u201c &#8211; Thukydides Wahre individuelle Freiheit basiert auf wirtschaftlicher Sicherheit statt auf der Versklavung in einem finanziellen Hamsterrad und auf&#8230;<\/p>\n","protected":false},"author":2,"featured_media":0,"parent":0,"menu_order":0,"comment_status":"closed","ping_status":"closed","template":"elementor_header_footer","meta":{"footnotes":""},"class_list":["post-14315","page","type-page","status-publish","hentry"],"_links":{"self":[{"href":"https:\/\/www.cryptopartnerlenz.com\/de\/wp-json\/wp\/v2\/pages\/14315","targetHints":{"allow":["GET"]}}],"collection":[{"href":"https:\/\/www.cryptopartnerlenz.com\/de\/wp-json\/wp\/v2\/pages"}],"about":[{"href":"https:\/\/www.cryptopartnerlenz.com\/de\/wp-json\/wp\/v2\/types\/page"}],"author":[{"embeddable":true,"href":"https:\/\/www.cryptopartnerlenz.com\/de\/wp-json\/wp\/v2\/users\/2"}],"replies":[{"embeddable":true,"href":"https:\/\/www.cryptopartnerlenz.com\/de\/wp-json\/wp\/v2\/comments?post=14315"}],"version-history":[{"count":27,"href":"https:\/\/www.cryptopartnerlenz.com\/de\/wp-json\/wp\/v2\/pages\/14315\/revisions"}],"predecessor-version":[{"id":14370,"href":"https:\/\/www.cryptopartnerlenz.com\/de\/wp-json\/wp\/v2\/pages\/14315\/revisions\/14370"}],"wp:attachment":[{"href":"https:\/\/www.cryptopartnerlenz.com\/de\/wp-json\/wp\/v2\/media?parent=14315"}],"curies":[{"name":"wp","href":"https:\/\/api.w.org\/{rel}","templated":true}]}}